{"id":2058,"date":"2023-05-17T22:09:25","date_gmt":"2023-05-17T19:09:25","guid":{"rendered":"https:\/\/pilatesco.com.tr\/?page_id=2058"},"modified":"2023-05-17T23:05:15","modified_gmt":"2023-05-17T20:05:15","slug":"hiit-yag-yakici-ve-kondisyon-metodlari","status":"publish","type":"page","link":"https:\/\/pilatesco.com.tr\/?page_id=2058","title":{"rendered":"HIIT Ya\u011f Yak\u0131c\u0131 ve Kondisyon Metodlar\u0131"},"content":{"rendered":"\t\t<div data-elementor-type=\"wp-page\" data-elementor-id=\"2058\" class=\"elementor elementor-2058\">\n\t\t\t\t\t\t<section class=\"elementor-section elementor-top-section elementor-element elementor-element-31e82332 elementor-section-stretched elementor-section-boxed elementor-section-height-default elementor-section-height-default\" data-id=\"31e82332\" data-element_type=\"section\" data-settings=\"{&quot;stretch_section&quot;:&quot;section-stretched&quot;,&quot;background_background&quot;:&quot;classic&quot;}\">\n\t\t\t\t\t\t\t<div class=\"elementor-background-overlay\"><\/div>\n\t\t\t\t\t\t\t<div class=\"elementor-container elementor-column-gap-no\">\n\t\t\t\t\t<div class=\"elementor-column elementor-col-100 elementor-top-column elementor-element elementor-element-798f6e0f\" data-id=\"798f6e0f\" data-element_type=\"column\">\n\t\t\t<div class=\"elementor-widget-wrap elementor-element-populated\">\n\t\t\t\t\t\t<section class=\"elementor-section elementor-inner-section elementor-element elementor-element-f653939 elementor-section-boxed elementor-section-height-default elementor-section-height-default\" data-id=\"f653939\" data-element_type=\"section\">\n\t\t\t\t\t\t<div class=\"elementor-container elementor-column-gap-default\">\n\t\t\t\t\t<div class=\"elementor-column elementor-col-50 elementor-inner-column elementor-element elementor-element-26e940c\" data-id=\"26e940c\" data-element_type=\"column\">\n\t\t\t<div class=\"elementor-widget-wrap elementor-element-populated\">\n\t\t\t\t\t\t<div class=\"elementor-element elementor-element-25f02ab elementor-widget elementor-widget-heading\" data-id=\"25f02ab\" data-element_type=\"widget\" data-widget_type=\"heading.default\">\n\t\t\t\t<div class=\"elementor-widget-container\">\n\t\t\t<style>\/*! elementor - v3.19.0 - 07-02-2024 *\/\n.elementor-heading-title{padding:0;margin:0;line-height:1}.elementor-widget-heading .elementor-heading-title[class*=elementor-size-]>a{color:inherit;font-size:inherit;line-height:inherit}.elementor-widget-heading .elementor-heading-title.elementor-size-small{font-size:15px}.elementor-widget-heading .elementor-heading-title.elementor-size-medium{font-size:19px}.elementor-widget-heading .elementor-heading-title.elementor-size-large{font-size:29px}.elementor-widget-heading .elementor-heading-title.elementor-size-xl{font-size:39px}.elementor-widget-heading .elementor-heading-title.elementor-size-xxl{font-size:59px}<\/style><h3 class=\"elementor-heading-title elementor-size-default\">HIIT Ya\u011f Yak\u0131c\u0131 ve Kondisyon Metodlar\u0131<\/h3>\t\t<\/div>\n\t\t\t\t<\/div>\n\t\t\t\t<div class=\"elementor-element elementor-element-8801f1c elementor-widget elementor-widget-text-editor\" data-id=\"8801f1c\" data-element_type=\"widget\" data-widget_type=\"text-editor.default\">\n\t\t\t\t<div class=\"elementor-widget-container\">\n\t\t\t<style>\/*! elementor - v3.19.0 - 07-02-2024 *\/\n.elementor-widget-text-editor.elementor-drop-cap-view-stacked .elementor-drop-cap{background-color:#69727d;color:#fff}.elementor-widget-text-editor.elementor-drop-cap-view-framed .elementor-drop-cap{color:#69727d;border:3px solid;background-color:transparent}.elementor-widget-text-editor:not(.elementor-drop-cap-view-default) .elementor-drop-cap{margin-top:8px}.elementor-widget-text-editor:not(.elementor-drop-cap-view-default) .elementor-drop-cap-letter{width:1em;height:1em}.elementor-widget-text-editor .elementor-drop-cap{float:left;text-align:center;line-height:1;font-size:50px}.elementor-widget-text-editor .elementor-drop-cap-letter{display:inline-block}<\/style>\t\t\t\t<p>HIIT (Y\u00fcksek Yo\u011funluklu Aral\u0131kl\u0131 Antrenman) Ya\u011f Yak\u0131c\u0131 ve Kondisyonlama y\u00f6ntemleri, kalori yakmay\u0131 en \u00fcst d\u00fczeye \u00e7\u0131karmak ve genel kondisyon d\u00fczeylerini iyile\u015ftirmek i\u00e7in tasarlanm\u0131\u015f yo\u011fun egzersiz teknikleridir. HIIT, k\u0131sa iyile\u015fme d\u00f6nemleri ile de\u011fi\u015fen y\u00fcksek yo\u011funluklu egzersiz d\u00f6nemlerini i\u00e7erir, v\u00fccudun s\u0131n\u0131rlar\u0131n\u0131 zorlar ve kalp at\u0131\u015f h\u0131z\u0131n\u0131 art\u0131r\u0131r.<\/p><p>HIIT&#8217;in Ya\u011f Yak\u0131c\u0131 y\u00f6n\u00fc, ayn\u0131 anda birden fazla kas grubunu \u00e7al\u0131\u015ft\u0131rarak a\u015f\u0131r\u0131 v\u00fccut ya\u011f\u0131n\u0131 hedeflemeye odaklan\u0131r. Bu egzersizler tipik olarak burpe, atlama krikolar\u0131 veya sprintler gibi y\u00fcksek yo\u011funluklu kardiyo hareketlerini i\u00e7erir. Aerobik ve anaerobik egzersizleri birle\u015ftiren HIIT, etkili ya\u011f yak\u0131m\u0131n\u0131 destekler ve egzersizden sonra bile metabolizmay\u0131 geli\u015ftirir.<\/p><p>HIIT&#8217;in Ko\u015fulland\u0131rma bile\u015feni, kas g\u00fcc\u00fcn\u00fc, dayan\u0131kl\u0131l\u0131\u011f\u0131 ve genel atletizmi geli\u015ftirmeyi ama\u00e7lar. V\u00fccut a\u011f\u0131rl\u0131\u011f\u0131 egzersizleri, kettlebell sal\u0131ncaklar\u0131 veya a\u011f\u0131rl\u0131kl\u0131 a\u011f\u0131z kavgas\u0131 gibi farkl\u0131 kas gruplar\u0131n\u0131 \u00e7al\u0131\u015ft\u0131ran \u00e7ok \u00e7e\u015fitli egzersizleri i\u00e7erir. K\u0131sa ama yo\u011fun aktivite patlamalar\u0131 v\u00fccuda meydan okur ve kardiyovask\u00fcler zindelik, kas dayan\u0131kl\u0131l\u0131\u011f\u0131 ve g\u00fc\u00e7te iyile\u015ftirmeler sa\u011flar.<\/p><p>Genel olarak, HIIT Ya\u011f Yak\u0131c\u0131 ve Kondisyonlama y\u00f6ntemleri, kilo vermeye, kondisyon d\u00fczeylerini art\u0131rmaya ve g\u00fc\u00e7 olu\u015fturmaya y\u00f6nelik, zaman\u0131 verimli kullanan ve etkili bir yakla\u015f\u0131m sunar.<\/p>\t\t\t\t\t\t<\/div>\n\t\t\t\t<\/div>\n\t\t\t\t\t<\/div>\n\t\t<\/div>\n\t\t\t\t<div class=\"elementor-column elementor-col-50 elementor-inner-column elementor-element elementor-element-38f8a8b\" data-id=\"38f8a8b\" data-element_type=\"column\">\n\t\t\t<div class=\"elementor-widget-wrap elementor-element-populated\">\n\t\t\t\t\t\t<div class=\"elementor-element elementor-element-d1290ab elementor-widget elementor-widget-image\" data-id=\"d1290ab\" data-element_type=\"widget\" data-widget_type=\"image.default\">\n\t\t\t\t<div class=\"elementor-widget-container\">\n\t\t\t<style>\/*! elementor - v3.19.0 - 07-02-2024 *\/\n.elementor-widget-image{text-align:center}.elementor-widget-image a{display:inline-block}.elementor-widget-image a img[src$=\".svg\"]{width:48px}.elementor-widget-image img{vertical-align:middle;display:inline-block}<\/style>\t\t\t\t\t\t\t\t\t\t<img fetchpriority=\"high\" decoding=\"async\" width=\"800\" height=\"800\" src=\"https:\/\/pilatesco.com.tr\/wp-content\/uploads\/2023\/05\/Basliksiz-25.jpg\" class=\"attachment-large size-large wp-image-2117\" alt=\"\" srcset=\"https:\/\/pilatesco.com.tr\/wp-content\/uploads\/2023\/05\/Basliksiz-25.jpg 800w, https:\/\/pilatesco.com.tr\/wp-content\/uploads\/2023\/05\/Basliksiz-25-300x300.jpg 300w, https:\/\/pilatesco.com.tr\/wp-content\/uploads\/2023\/05\/Basliksiz-25-150x150.jpg 150w, https:\/\/pilatesco.com.tr\/wp-content\/uploads\/2023\/05\/Basliksiz-25-768x768.jpg 768w, https:\/\/pilatesco.com.tr\/wp-content\/uploads\/2023\/05\/Basliksiz-25-90x90.jpg 90w, https:\/\/pilatesco.com.tr\/wp-content\/uploads\/2023\/05\/Basliksiz-25-670x670.jpg 670w\" sizes=\"(max-width: 800px) 100vw, 800px\" \/>\t\t\t\t\t\t\t\t\t\t\t\t\t<\/div>\n\t\t\t\t<\/div>\n\t\t\t\t\t<\/div>\n\t\t<\/div>\n\t\t\t\t\t<\/div>\n\t\t<\/section>\n\t\t\t\t\t<\/div>\n\t\t<\/div>\n\t\t\t\t\t<\/div>\n\t\t<\/section>\n\t\t\t\t<\/div>\n\t\t","protected":false},"excerpt":{"rendered":"<p>HIIT Ya\u011f Yak\u0131c\u0131 ve Kondisyon Metodlar\u0131 HIIT (Y\u00fcksek Yo\u011funluklu Aral\u0131kl\u0131 Antrenman) Ya\u011f Yak\u0131c\u0131 ve Kondisyonlama y\u00f6ntemleri, kalori yakmay\u0131 en \u00fcst d\u00fczeye \u00e7\u0131karmak ve genel kondisyon d\u00fczeylerini iyile\u015ftirmek i\u00e7in tasarlanm\u0131\u015f yo\u011fun egzersiz teknikleridir. HIIT, k\u0131sa iyile\u015fme d\u00f6nemleri ile de\u011fi\u015fen y\u00fcksek yo\u011funluklu egzersiz d\u00f6nemlerini i\u00e7erir, v\u00fccudun s\u0131n\u0131rlar\u0131n\u0131 zorlar ve kalp at\u0131\u015f h\u0131z\u0131n\u0131 [&hellip;]<\/p>\n","protected":false},"author":1,"featured_media":0,"parent":0,"menu_order":0,"comment_status":"closed","ping_status":"closed","template":"elementor_header_footer","meta":{"footnotes":""},"class_list":["post-2058","page","type-page","status-publish","hentry"],"_links":{"self":[{"href":"https:\/\/pilatesco.com.tr\/index.php?rest_route=\/wp\/v2\/pages\/2058","targetHints":{"allow":["GET"]}}],"collection":[{"href":"https:\/\/pilatesco.com.tr\/index.php?rest_route=\/wp\/v2\/pages"}],"about":[{"href":"https:\/\/pilatesco.com.tr\/index.php?rest_route=\/wp\/v2\/types\/page"}],"author":[{"embeddable":true,"href":"https:\/\/pilatesco.com.tr\/index.php?rest_route=\/wp\/v2\/users\/1"}],"replies":[{"embeddable":true,"href":"https:\/\/pilatesco.com.tr\/index.php?rest_route=%2Fwp%2Fv2%2Fcomments&post=2058"}],"version-history":[{"count":7,"href":"https:\/\/pilatesco.com.tr\/index.php?rest_route=\/wp\/v2\/pages\/2058\/revisions"}],"predecessor-version":[{"id":2162,"href":"https:\/\/pilatesco.com.tr\/index.php?rest_route=\/wp\/v2\/pages\/2058\/revisions\/2162"}],"wp:attachment":[{"href":"https:\/\/pilatesco.com.tr\/index.php?rest_route=%2Fwp%2Fv2%2Fmedia&parent=2058"}],"curies":[{"name":"wp","href":"https:\/\/api.w.org\/{rel}","templated":true}]}}