{"id":2032,"date":"2023-05-17T21:39:57","date_gmt":"2023-05-17T18:39:57","guid":{"rendered":"https:\/\/pilatesco.com.tr\/?page_id=2032"},"modified":"2023-05-17T23:03:37","modified_gmt":"2023-05-17T20:03:37","slug":"kifoz-icin-ozel-dersler","status":"publish","type":"page","link":"https:\/\/pilatesco.com.tr\/?page_id=2032","title":{"rendered":"Kifoz i\u00e7in \u00d6zel Dersler"},"content":{"rendered":"\t\t<div data-elementor-type=\"wp-page\" data-elementor-id=\"2032\" class=\"elementor elementor-2032\">\n\t\t\t\t\t\t<section class=\"elementor-section elementor-top-section elementor-element elementor-element-31e82332 elementor-section-stretched elementor-section-boxed elementor-section-height-default elementor-section-height-default\" data-id=\"31e82332\" data-element_type=\"section\" data-settings=\"{&quot;stretch_section&quot;:&quot;section-stretched&quot;,&quot;background_background&quot;:&quot;classic&quot;}\">\n\t\t\t\t\t\t\t<div class=\"elementor-background-overlay\"><\/div>\n\t\t\t\t\t\t\t<div class=\"elementor-container elementor-column-gap-no\">\n\t\t\t\t\t<div class=\"elementor-column elementor-col-100 elementor-top-column elementor-element elementor-element-798f6e0f\" data-id=\"798f6e0f\" data-element_type=\"column\">\n\t\t\t<div class=\"elementor-widget-wrap elementor-element-populated\">\n\t\t\t\t\t\t<section class=\"elementor-section elementor-inner-section elementor-element elementor-element-f653939 elementor-section-boxed elementor-section-height-default elementor-section-height-default\" data-id=\"f653939\" data-element_type=\"section\">\n\t\t\t\t\t\t<div class=\"elementor-container elementor-column-gap-default\">\n\t\t\t\t\t<div class=\"elementor-column elementor-col-50 elementor-inner-column elementor-element elementor-element-26e940c\" data-id=\"26e940c\" data-element_type=\"column\">\n\t\t\t<div class=\"elementor-widget-wrap elementor-element-populated\">\n\t\t\t\t\t\t<div class=\"elementor-element elementor-element-25f02ab elementor-widget elementor-widget-heading\" data-id=\"25f02ab\" data-element_type=\"widget\" data-widget_type=\"heading.default\">\n\t\t\t\t<div class=\"elementor-widget-container\">\n\t\t\t<style>\/*! elementor - v3.19.0 - 07-02-2024 *\/\n.elementor-heading-title{padding:0;margin:0;line-height:1}.elementor-widget-heading .elementor-heading-title[class*=elementor-size-]>a{color:inherit;font-size:inherit;line-height:inherit}.elementor-widget-heading .elementor-heading-title.elementor-size-small{font-size:15px}.elementor-widget-heading .elementor-heading-title.elementor-size-medium{font-size:19px}.elementor-widget-heading .elementor-heading-title.elementor-size-large{font-size:29px}.elementor-widget-heading .elementor-heading-title.elementor-size-xl{font-size:39px}.elementor-widget-heading .elementor-heading-title.elementor-size-xxl{font-size:59px}<\/style><h3 class=\"elementor-heading-title elementor-size-default\">Kifoz i\u00e7in \u00d6zel Dersler<\/h3>\t\t<\/div>\n\t\t\t\t<\/div>\n\t\t\t\t<div class=\"elementor-element elementor-element-8801f1c elementor-widget elementor-widget-text-editor\" data-id=\"8801f1c\" data-element_type=\"widget\" data-widget_type=\"text-editor.default\">\n\t\t\t\t<div class=\"elementor-widget-container\">\n\t\t\t<style>\/*! elementor - v3.19.0 - 07-02-2024 *\/\n.elementor-widget-text-editor.elementor-drop-cap-view-stacked .elementor-drop-cap{background-color:#69727d;color:#fff}.elementor-widget-text-editor.elementor-drop-cap-view-framed .elementor-drop-cap{color:#69727d;border:3px solid;background-color:transparent}.elementor-widget-text-editor:not(.elementor-drop-cap-view-default) .elementor-drop-cap{margin-top:8px}.elementor-widget-text-editor:not(.elementor-drop-cap-view-default) .elementor-drop-cap-letter{width:1em;height:1em}.elementor-widget-text-editor .elementor-drop-cap{float:left;text-align:center;line-height:1;font-size:50px}.elementor-widget-text-editor .elementor-drop-cap-letter{display:inline-block}<\/style>\t\t\t\t<p><strong>Kifoz i\u00e7in \u00d6zel Pilates dersleri,<\/strong> \u00fcst omurgan\u0131n a\u015f\u0131r\u0131 e\u011frili\u011fi ile karakterize bir durum olan kifozu ele almak i\u00e7in olduk\u00e7a etkili bir yakla\u015f\u0131m sunar. Bu ki\u015fiselle\u015ftirilmi\u015f seanslar, uygun duru\u015f ve omurga hizas\u0131n\u0131 korumaktan sorumlu kaslar\u0131 g\u00fc\u00e7lendirmeye odaklanan \u00f6zel egzersizler sa\u011flar.<\/p><p>\u00d6zel Pilates dersi s\u0131ras\u0131nda e\u011fitmen, ki\u015finin \u00f6zel ihtiya\u00e7lar\u0131n\u0131 de\u011ferlendirir ve kamburlu\u011fun alt\u0131nda yatan nedenleri hedef alan bir program tasarlar. Bu, \u00e7ekirdek kuvveti art\u0131ran, s\u0131k\u0131 g\u00f6\u011f\u00fcs kaslar\u0131n\u0131 uzatan ve \u00fcst s\u0131rt kaslar\u0131n\u0131 harekete ge\u00e7iren egzersizleri i\u00e7erebilir. Bunu yaparak, Pilates dengeyi geri kazanmaya ve omurgan\u0131n hizalamas\u0131n\u0131 iyile\u015ftirmeye yard\u0131mc\u0131 olur.<\/p><p>Bire bir \u00f6zel ders ayar\u0131, e\u011fitmenin yak\u0131n g\u00f6zetimine ve rehberli\u011fine izin vererek, her egzersizin do\u011fru ve g\u00fcvenli bir \u015fekilde yap\u0131lmas\u0131n\u0131 sa\u011flar. Bu ki\u015fiselle\u015ftirilmi\u015f ilgi, kifozun neden oldu\u011fu herhangi bir k\u0131s\u0131tlama veya rahats\u0131zl\u0131\u011fa uyum sa\u011flamak i\u00e7in modifikasyonlara da izin verir.<\/p><p>Pilates ile kifozu ele al\u0131rken tutarl\u0131l\u0131k \u00f6nemlidir. D\u00fczenli \u00f6zel dersler, ilerlemenin izlenmesini ve program\u0131n gerekti\u011fi gibi ayarlanmas\u0131n\u0131 sa\u011flar. E\u011fitmen, duru\u015fu daha da g\u00fc\u00e7lendirmek ve d\u00fczeltmek i\u00e7in geli\u015fmeleri izleyebilir, egzersizleri uyarlayabilir ve yeni zorluklar getirebilir.<\/p><p>\u00d6zel Pilates dersleri, kifoz tedavisine, durumun hem fiziksel hem de post\u00fcral y\u00f6nlerini ele alan kapsaml\u0131 bir yakla\u015f\u0131m sa\u011flar. Bu \u00f6zelle\u015ftirilmi\u015f seanslara kat\u0131larak, bireyler artan hareketlilik, daha iyi duru\u015f ve kifoz ile ili\u015fkili daha az a\u011fr\u0131 deneyimleyebilirler.<\/p>\t\t\t\t\t\t<\/div>\n\t\t\t\t<\/div>\n\t\t\t\t\t<\/div>\n\t\t<\/div>\n\t\t\t\t<div class=\"elementor-column elementor-col-50 elementor-inner-column elementor-element elementor-element-38f8a8b\" data-id=\"38f8a8b\" data-element_type=\"column\">\n\t\t\t<div class=\"elementor-widget-wrap elementor-element-populated\">\n\t\t\t\t\t\t<div class=\"elementor-element elementor-element-d1290ab elementor-widget elementor-widget-image\" data-id=\"d1290ab\" data-element_type=\"widget\" data-widget_type=\"image.default\">\n\t\t\t\t<div class=\"elementor-widget-container\">\n\t\t\t<style>\/*! elementor - v3.19.0 - 07-02-2024 *\/\n.elementor-widget-image{text-align:center}.elementor-widget-image a{display:inline-block}.elementor-widget-image a img[src$=\".svg\"]{width:48px}.elementor-widget-image img{vertical-align:middle;display:inline-block}<\/style>\t\t\t\t\t\t\t\t\t\t<img fetchpriority=\"high\" decoding=\"async\" width=\"800\" height=\"800\" src=\"https:\/\/pilatesco.com.tr\/wp-content\/uploads\/2023\/05\/Basliksiz-17.jpg\" class=\"attachment-large size-large wp-image-2109\" alt=\"\" srcset=\"https:\/\/pilatesco.com.tr\/wp-content\/uploads\/2023\/05\/Basliksiz-17.jpg 800w, https:\/\/pilatesco.com.tr\/wp-content\/uploads\/2023\/05\/Basliksiz-17-300x300.jpg 300w, https:\/\/pilatesco.com.tr\/wp-content\/uploads\/2023\/05\/Basliksiz-17-150x150.jpg 150w, https:\/\/pilatesco.com.tr\/wp-content\/uploads\/2023\/05\/Basliksiz-17-768x768.jpg 768w, https:\/\/pilatesco.com.tr\/wp-content\/uploads\/2023\/05\/Basliksiz-17-90x90.jpg 90w, https:\/\/pilatesco.com.tr\/wp-content\/uploads\/2023\/05\/Basliksiz-17-670x670.jpg 670w\" sizes=\"(max-width: 800px) 100vw, 800px\" \/>\t\t\t\t\t\t\t\t\t\t\t\t\t<\/div>\n\t\t\t\t<\/div>\n\t\t\t\t\t<\/div>\n\t\t<\/div>\n\t\t\t\t\t<\/div>\n\t\t<\/section>\n\t\t\t\t\t<\/div>\n\t\t<\/div>\n\t\t\t\t\t<\/div>\n\t\t<\/section>\n\t\t\t\t<\/div>\n\t\t","protected":false},"excerpt":{"rendered":"<p>Kifoz i\u00e7in \u00d6zel Dersler Kifoz i\u00e7in \u00d6zel Pilates dersleri, \u00fcst omurgan\u0131n a\u015f\u0131r\u0131 e\u011frili\u011fi ile karakterize bir durum olan kifozu ele almak i\u00e7in olduk\u00e7a etkili bir yakla\u015f\u0131m sunar. Bu ki\u015fiselle\u015ftirilmi\u015f seanslar, uygun duru\u015f ve omurga hizas\u0131n\u0131 korumaktan sorumlu kaslar\u0131 g\u00fc\u00e7lendirmeye odaklanan \u00f6zel egzersizler sa\u011flar. \u00d6zel Pilates dersi s\u0131ras\u0131nda e\u011fitmen, ki\u015finin \u00f6zel [&hellip;]<\/p>\n","protected":false},"author":1,"featured_media":0,"parent":0,"menu_order":0,"comment_status":"closed","ping_status":"closed","template":"elementor_header_footer","meta":{"footnotes":""},"class_list":["post-2032","page","type-page","status-publish","hentry"],"_links":{"self":[{"href":"https:\/\/pilatesco.com.tr\/index.php?rest_route=\/wp\/v2\/pages\/2032","targetHints":{"allow":["GET"]}}],"collection":[{"href":"https:\/\/pilatesco.com.tr\/index.php?rest_route=\/wp\/v2\/pages"}],"about":[{"href":"https:\/\/pilatesco.com.tr\/index.php?rest_route=\/wp\/v2\/types\/page"}],"author":[{"embeddable":true,"href":"https:\/\/pilatesco.com.tr\/index.php?rest_route=\/wp\/v2\/users\/1"}],"replies":[{"embeddable":true,"href":"https:\/\/pilatesco.com.tr\/index.php?rest_route=%2Fwp%2Fv2%2Fcomments&post=2032"}],"version-history":[{"count":7,"href":"https:\/\/pilatesco.com.tr\/index.php?rest_route=\/wp\/v2\/pages\/2032\/revisions"}],"predecessor-version":[{"id":2147,"href":"https:\/\/pilatesco.com.tr\/index.php?rest_route=\/wp\/v2\/pages\/2032\/revisions\/2147"}],"wp:attachment":[{"href":"https:\/\/pilatesco.com.tr\/index.php?rest_route=%2Fwp%2Fv2%2Fmedia&parent=2032"}],"curies":[{"name":"wp","href":"https:\/\/api.w.org\/{rel}","templated":true}]}}