{"id":2008,"date":"2023-05-17T20:55:11","date_gmt":"2023-05-17T17:55:11","guid":{"rendered":"https:\/\/pilatesco.com.tr\/?page_id=2008"},"modified":"2023-05-17T23:02:46","modified_gmt":"2023-05-17T20:02:46","slug":"mat-pilates","status":"publish","type":"page","link":"https:\/\/pilatesco.com.tr\/?page_id=2008","title":{"rendered":"Mat Pilates"},"content":{"rendered":"\t\t<div data-elementor-type=\"wp-page\" data-elementor-id=\"2008\" class=\"elementor elementor-2008\">\n\t\t\t\t\t\t<section class=\"elementor-section elementor-top-section elementor-element elementor-element-31e82332 elementor-section-stretched elementor-section-boxed elementor-section-height-default elementor-section-height-default\" data-id=\"31e82332\" data-element_type=\"section\" data-settings=\"{&quot;stretch_section&quot;:&quot;section-stretched&quot;,&quot;background_background&quot;:&quot;classic&quot;}\">\n\t\t\t\t\t\t\t<div class=\"elementor-background-overlay\"><\/div>\n\t\t\t\t\t\t\t<div class=\"elementor-container elementor-column-gap-no\">\n\t\t\t\t\t<div class=\"elementor-column elementor-col-100 elementor-top-column elementor-element elementor-element-798f6e0f\" data-id=\"798f6e0f\" data-element_type=\"column\">\n\t\t\t<div class=\"elementor-widget-wrap elementor-element-populated\">\n\t\t\t\t\t\t<section class=\"elementor-section elementor-inner-section elementor-element elementor-element-f653939 elementor-section-boxed elementor-section-height-default elementor-section-height-default\" data-id=\"f653939\" data-element_type=\"section\">\n\t\t\t\t\t\t<div class=\"elementor-container elementor-column-gap-default\">\n\t\t\t\t\t<div class=\"elementor-column elementor-col-50 elementor-inner-column elementor-element elementor-element-26e940c\" data-id=\"26e940c\" data-element_type=\"column\">\n\t\t\t<div class=\"elementor-widget-wrap elementor-element-populated\">\n\t\t\t\t\t\t<div class=\"elementor-element elementor-element-25f02ab elementor-widget elementor-widget-heading\" data-id=\"25f02ab\" data-element_type=\"widget\" data-widget_type=\"heading.default\">\n\t\t\t\t<div class=\"elementor-widget-container\">\n\t\t\t<style>\/*! elementor - v3.19.0 - 07-02-2024 *\/\n.elementor-heading-title{padding:0;margin:0;line-height:1}.elementor-widget-heading .elementor-heading-title[class*=elementor-size-]>a{color:inherit;font-size:inherit;line-height:inherit}.elementor-widget-heading .elementor-heading-title.elementor-size-small{font-size:15px}.elementor-widget-heading .elementor-heading-title.elementor-size-medium{font-size:19px}.elementor-widget-heading .elementor-heading-title.elementor-size-large{font-size:29px}.elementor-widget-heading .elementor-heading-title.elementor-size-xl{font-size:39px}.elementor-widget-heading .elementor-heading-title.elementor-size-xxl{font-size:59px}<\/style><h3 class=\"elementor-heading-title elementor-size-default\">MAT P\u0130LATES<\/h3>\t\t<\/div>\n\t\t\t\t<\/div>\n\t\t\t\t<div class=\"elementor-element elementor-element-8801f1c elementor-widget elementor-widget-text-editor\" data-id=\"8801f1c\" data-element_type=\"widget\" data-widget_type=\"text-editor.default\">\n\t\t\t\t<div class=\"elementor-widget-container\">\n\t\t\t<style>\/*! elementor - v3.19.0 - 07-02-2024 *\/\n.elementor-widget-text-editor.elementor-drop-cap-view-stacked .elementor-drop-cap{background-color:#69727d;color:#fff}.elementor-widget-text-editor.elementor-drop-cap-view-framed .elementor-drop-cap{color:#69727d;border:3px solid;background-color:transparent}.elementor-widget-text-editor:not(.elementor-drop-cap-view-default) .elementor-drop-cap{margin-top:8px}.elementor-widget-text-editor:not(.elementor-drop-cap-view-default) .elementor-drop-cap-letter{width:1em;height:1em}.elementor-widget-text-editor .elementor-drop-cap{float:left;text-align:center;line-height:1;font-size:50px}.elementor-widget-text-editor .elementor-drop-cap-letter{display:inline-block}<\/style>\t\t\t\t<p><strong>Mat Pilates,<\/strong> temel g\u00fc\u00e7, esneklik ve v\u00fccut fark\u0131ndal\u0131\u011f\u0131na odaklanan pop\u00fcler bir egzersiz \u015feklidir. Bir mat \u00fczerinde ger\u00e7ekle\u015ftirilen d\u00fc\u015f\u00fck etkili bir egzersizdir ve her fitness seviyesinden ve ya\u015ftan insan\u0131n eri\u015febilmesini sa\u011flar. Joseph Pilates taraf\u0131ndan geli\u015ftirilen y\u00f6ntem, genel fiziksel g\u00fcc\u00fc ve zihinsel refah\u0131 iyile\u015ftirmeyi ama\u00e7lamaktad\u0131r.<\/p><p>Bir Mat Pilates seans\u0131 s\u0131ras\u0131nda, kat\u0131l\u0131mc\u0131lar kar\u0131n, s\u0131rt ve pelvisin derin kaslar\u0131n\u0131 hedef alan bir dizi kontroll\u00fc hareketle me\u015fgul olurlar. Bu egzersizler, uygun hizalamay\u0131, nefes almay\u0131 ve hareketin ak\u0131\u015fkanl\u0131\u011f\u0131n\u0131 vurgular. Rutinler tipik olarak s\u0131rt\u00fcst\u00fc, y\u00fcz\u00fcst\u00fc, oturmu\u015f ve yan yatma gibi \u00e7e\u015fitli pozisyonlar\u0131 i\u00e7erir.<\/p><p>Mat Pilates&#8217;in temel ilkelerinden biri \u00e7ekirdek aktivasyondur. Kar\u0131n, bel ve pelvik taban dahil olmak \u00fczere \u00e7ekirdek kaslar, egzersizler boyunca v\u00fccudu stabilize etmek ve desteklemek i\u00e7in s\u00fcrekli olarak devreye girer. Bu, iyi duru\u015fu korumak ve yaralanmalar\u0131 \u00f6nlemek i\u00e7in gerekli olan g\u00fc\u00e7l\u00fc ve istikrarl\u0131 bir \u00e7ekirdek geli\u015ftirmeye yard\u0131mc\u0131 olur.<\/p><p>Mat Pilates&#8217;in bir di\u011fer \u00f6nemli y\u00f6n\u00fc de nefes kontrol\u00fcne verilen \u00f6nemdir. Kat\u0131l\u0131mc\u0131lar, nefeslerini her hareketle senkronize etmeye, gev\u015femeyi, odaklanmay\u0131 ve v\u00fccudun daha iyi oksijenlenmesini te\u015fvik etmeye te\u015fvik edilir. Derin, kontroll\u00fc nefes alma, gerginli\u011fi gidermeye, v\u00fccut fark\u0131ndal\u0131\u011f\u0131n\u0131 art\u0131rmaya ve zihin-beden ba\u011flant\u0131s\u0131n\u0131 g\u00fc\u00e7lendirmeye yard\u0131mc\u0131 olur.<\/p><p>Mat Pilates bir\u00e7ok faydas\u0131 ile bilinir. Duru\u015fu iyile\u015ftirebilir, esnekli\u011fi art\u0131rabilir, kas g\u00fcc\u00fcn\u00fc art\u0131rabilir ve genel v\u00fccut tonunu geli\u015ftirebilir. D\u00fczenli uygulama ayr\u0131ca s\u0131rt a\u011fr\u0131s\u0131n\u0131 hafifletmeye, stresi azaltmaya ve v\u00fccut fark\u0131ndal\u0131\u011f\u0131n\u0131 art\u0131rmaya yard\u0131mc\u0131 olabilir. Ayr\u0131ca, Mat Pilates egzersizleri, bireysel ihtiya\u00e7lara ve fitness hedeflerine uyacak \u015fekilde de\u011fi\u015ftirilebilir, bu da onu \u00e7ok y\u00f6nl\u00fc ve \u00f6zelle\u015ftirilebilir bir egzersiz haline getirir.<\/p><p>Sonu\u00e7 olarak Mat Pilates, \u00e7ekirdek kuvveti, esnekli\u011fi ve v\u00fccut fark\u0131ndal\u0131\u011f\u0131n\u0131 hedefleyen olduk\u00e7a etkili bir egzersiz y\u00f6ntemidir. Kontroll\u00fc hareketler, d\u00fczg\u00fcn hizalanma ve nefes kontrol\u00fcne verdi\u011fi \u00f6nemle hem bedene hem de zihne fayda sa\u011flayan kapsaml\u0131 bir egzersiz sunar. \u0130ster yeni ba\u015flayan, ister ileri d\u00fczey bir uygulay\u0131c\u0131 olun, Mat Pilates zorlu ve \u00f6d\u00fcllendirici bir fitness deneyimi sunar.<\/p>\t\t\t\t\t\t<\/div>\n\t\t\t\t<\/div>\n\t\t\t\t\t<\/div>\n\t\t<\/div>\n\t\t\t\t<div class=\"elementor-column elementor-col-50 elementor-inner-column elementor-element elementor-element-38f8a8b\" data-id=\"38f8a8b\" data-element_type=\"column\">\n\t\t\t<div class=\"elementor-widget-wrap elementor-element-populated\">\n\t\t\t\t\t\t<div class=\"elementor-element elementor-element-2dfa2b8 elementor-widget elementor-widget-image\" data-id=\"2dfa2b8\" data-element_type=\"widget\" data-widget_type=\"image.default\">\n\t\t\t\t<div class=\"elementor-widget-container\">\n\t\t\t<style>\/*! elementor - v3.19.0 - 07-02-2024 *\/\n.elementor-widget-image{text-align:center}.elementor-widget-image a{display:inline-block}.elementor-widget-image a img[src$=\".svg\"]{width:48px}.elementor-widget-image img{vertical-align:middle;display:inline-block}<\/style>\t\t\t\t\t\t\t\t\t\t<img fetchpriority=\"high\" decoding=\"async\" width=\"800\" height=\"800\" src=\"https:\/\/pilatesco.com.tr\/wp-content\/uploads\/2023\/05\/Basliksiz-1.jpg\" class=\"attachment-large size-large wp-image-2093\" alt=\"\" srcset=\"https:\/\/pilatesco.com.tr\/wp-content\/uploads\/2023\/05\/Basliksiz-1.jpg 800w, https:\/\/pilatesco.com.tr\/wp-content\/uploads\/2023\/05\/Basliksiz-1-300x300.jpg 300w, https:\/\/pilatesco.com.tr\/wp-content\/uploads\/2023\/05\/Basliksiz-1-150x150.jpg 150w, https:\/\/pilatesco.com.tr\/wp-content\/uploads\/2023\/05\/Basliksiz-1-768x768.jpg 768w, https:\/\/pilatesco.com.tr\/wp-content\/uploads\/2023\/05\/Basliksiz-1-90x90.jpg 90w, https:\/\/pilatesco.com.tr\/wp-content\/uploads\/2023\/05\/Basliksiz-1-670x670.jpg 670w\" sizes=\"(max-width: 800px) 100vw, 800px\" \/>\t\t\t\t\t\t\t\t\t\t\t\t\t<\/div>\n\t\t\t\t<\/div>\n\t\t\t\t\t<\/div>\n\t\t<\/div>\n\t\t\t\t\t<\/div>\n\t\t<\/section>\n\t\t\t\t\t<\/div>\n\t\t<\/div>\n\t\t\t\t\t<\/div>\n\t\t<\/section>\n\t\t\t\t<\/div>\n\t\t","protected":false},"excerpt":{"rendered":"<p>MAT P\u0130LATES Mat Pilates, temel g\u00fc\u00e7, esneklik ve v\u00fccut fark\u0131ndal\u0131\u011f\u0131na odaklanan pop\u00fcler bir egzersiz \u015feklidir. Bir mat \u00fczerinde ger\u00e7ekle\u015ftirilen d\u00fc\u015f\u00fck etkili bir egzersizdir ve her fitness seviyesinden ve ya\u015ftan insan\u0131n eri\u015febilmesini sa\u011flar. Joseph Pilates taraf\u0131ndan geli\u015ftirilen y\u00f6ntem, genel fiziksel g\u00fcc\u00fc ve zihinsel refah\u0131 iyile\u015ftirmeyi ama\u00e7lamaktad\u0131r. Bir Mat Pilates seans\u0131 s\u0131ras\u0131nda, [&hellip;]<\/p>\n","protected":false},"author":1,"featured_media":0,"parent":0,"menu_order":0,"comment_status":"closed","ping_status":"closed","template":"elementor_header_footer","meta":{"footnotes":""},"class_list":["post-2008","page","type-page","status-publish","hentry"],"_links":{"self":[{"href":"https:\/\/pilatesco.com.tr\/index.php?rest_route=\/wp\/v2\/pages\/2008","targetHints":{"allow":["GET"]}}],"collection":[{"href":"https:\/\/pilatesco.com.tr\/index.php?rest_route=\/wp\/v2\/pages"}],"about":[{"href":"https:\/\/pilatesco.com.tr\/index.php?rest_route=\/wp\/v2\/types\/page"}],"author":[{"embeddable":true,"href":"https:\/\/pilatesco.com.tr\/index.php?rest_route=\/wp\/v2\/users\/1"}],"replies":[{"embeddable":true,"href":"https:\/\/pilatesco.com.tr\/index.php?rest_route=%2Fwp%2Fv2%2Fcomments&post=2008"}],"version-history":[{"count":7,"href":"https:\/\/pilatesco.com.tr\/index.php?rest_route=\/wp\/v2\/pages\/2008\/revisions"}],"predecessor-version":[{"id":2141,"href":"https:\/\/pilatesco.com.tr\/index.php?rest_route=\/wp\/v2\/pages\/2008\/revisions\/2141"}],"wp:attachment":[{"href":"https:\/\/pilatesco.com.tr\/index.php?rest_route=%2Fwp%2Fv2%2Fmedia&parent=2008"}],"curies":[{"name":"wp","href":"https:\/\/api.w.org\/{rel}","templated":true}]}}