{"id":1996,"date":"2023-05-17T20:47:11","date_gmt":"2023-05-17T17:47:11","guid":{"rendered":"https:\/\/pilatesco.com.tr\/?page_id=1996"},"modified":"2023-05-17T23:02:24","modified_gmt":"2023-05-17T20:02:24","slug":"birebir-ozel-ders","status":"publish","type":"page","link":"https:\/\/pilatesco.com.tr\/?page_id=1996","title":{"rendered":"Birebir \u00d6zel Ders"},"content":{"rendered":"\t\t<div data-elementor-type=\"wp-page\" data-elementor-id=\"1996\" class=\"elementor elementor-1996\">\n\t\t\t\t\t\t<section class=\"elementor-section elementor-top-section elementor-element elementor-element-31e82332 elementor-section-stretched elementor-section-boxed elementor-section-height-default elementor-section-height-default\" data-id=\"31e82332\" data-element_type=\"section\" data-settings=\"{&quot;stretch_section&quot;:&quot;section-stretched&quot;,&quot;background_background&quot;:&quot;classic&quot;}\">\n\t\t\t\t\t\t\t<div class=\"elementor-background-overlay\"><\/div>\n\t\t\t\t\t\t\t<div class=\"elementor-container elementor-column-gap-no\">\n\t\t\t\t\t<div class=\"elementor-column elementor-col-100 elementor-top-column elementor-element elementor-element-798f6e0f\" data-id=\"798f6e0f\" data-element_type=\"column\">\n\t\t\t<div class=\"elementor-widget-wrap elementor-element-populated\">\n\t\t\t\t\t\t<section class=\"elementor-section elementor-inner-section elementor-element elementor-element-f653939 elementor-section-boxed elementor-section-height-default elementor-section-height-default\" data-id=\"f653939\" data-element_type=\"section\">\n\t\t\t\t\t\t<div class=\"elementor-container elementor-column-gap-default\">\n\t\t\t\t\t<div class=\"elementor-column elementor-col-50 elementor-inner-column elementor-element elementor-element-26e940c\" data-id=\"26e940c\" data-element_type=\"column\">\n\t\t\t<div class=\"elementor-widget-wrap elementor-element-populated\">\n\t\t\t\t\t\t<div class=\"elementor-element elementor-element-25f02ab elementor-widget elementor-widget-heading\" data-id=\"25f02ab\" data-element_type=\"widget\" data-widget_type=\"heading.default\">\n\t\t\t\t<div class=\"elementor-widget-container\">\n\t\t\t<style>\/*! elementor - v3.19.0 - 07-02-2024 *\/\n.elementor-heading-title{padding:0;margin:0;line-height:1}.elementor-widget-heading .elementor-heading-title[class*=elementor-size-]>a{color:inherit;font-size:inherit;line-height:inherit}.elementor-widget-heading .elementor-heading-title.elementor-size-small{font-size:15px}.elementor-widget-heading .elementor-heading-title.elementor-size-medium{font-size:19px}.elementor-widget-heading .elementor-heading-title.elementor-size-large{font-size:29px}.elementor-widget-heading .elementor-heading-title.elementor-size-xl{font-size:39px}.elementor-widget-heading .elementor-heading-title.elementor-size-xxl{font-size:59px}<\/style><h3 class=\"elementor-heading-title elementor-size-default\">B\u0130REB\u0130R \u00d6ZEL DERS<\/h3>\t\t<\/div>\n\t\t\t\t<\/div>\n\t\t\t\t<div class=\"elementor-element elementor-element-8801f1c elementor-widget elementor-widget-text-editor\" data-id=\"8801f1c\" data-element_type=\"widget\" data-widget_type=\"text-editor.default\">\n\t\t\t\t<div class=\"elementor-widget-container\">\n\t\t\t<style>\/*! elementor - v3.19.0 - 07-02-2024 *\/\n.elementor-widget-text-editor.elementor-drop-cap-view-stacked .elementor-drop-cap{background-color:#69727d;color:#fff}.elementor-widget-text-editor.elementor-drop-cap-view-framed .elementor-drop-cap{color:#69727d;border:3px solid;background-color:transparent}.elementor-widget-text-editor:not(.elementor-drop-cap-view-default) .elementor-drop-cap{margin-top:8px}.elementor-widget-text-editor:not(.elementor-drop-cap-view-default) .elementor-drop-cap-letter{width:1em;height:1em}.elementor-widget-text-editor .elementor-drop-cap{float:left;text-align:center;line-height:1;font-size:50px}.elementor-widget-text-editor .elementor-drop-cap-letter{display:inline-block}<\/style>\t\t\t\t<p><strong>\u00d6zel bire bir Pilates dersleri<\/strong>, fitness ve zindelik i\u00e7in ki\u015fiselle\u015ftirilmi\u015f ve etkili bir yakla\u015f\u0131m sunar. E\u011fitimli bir e\u011fitmenin kesintisiz ilgisi ile bu oturumlar, bireysel ihtiya\u00e7 ve hedeflere hitap eden \u00f6zel bir deneyim sunar.\u00a0 \u00d6zel Pilates derslerinin faydalar\u0131n\u0131 ve avantajlar\u0131n\u0131 ke\u015ffedece\u011fiz.<\/p><p>Her \u015feyden \u00f6nce, bire bir ayar, daha derin bir e\u011fitim d\u00fczeyi sa\u011flar. E\u011fitmen yaln\u0131zca dan\u0131\u015fana odaklanabilir, bi\u00e7imlerini ve tekniklerini yak\u0131ndan takip edebilir. Bu ki\u015fiselle\u015ftirilmi\u015f ilgi, d\u00fczg\u00fcn hizalamay\u0131 sa\u011flar ve yaralanmalar\u0131 \u00f6nlemeye yard\u0131mc\u0131 olur. Ayr\u0131ca e\u011fitmenin, fiziksel bir s\u0131n\u0131rlamay\u0131 ele almak, rehabilitasyona y\u00f6nelik \u00e7al\u0131\u015fmak veya belirli kas gruplar\u0131n\u0131 hedeflemek olsun, m\u00fc\u015fterinin \u00f6zel ihtiya\u00e7lar\u0131na g\u00f6re egzersizleri de\u011fi\u015ftirmesine olanak tan\u0131r.<\/p><p>\u00d6zel Pilates derslerinin bir di\u011fer avantaj\u0131 da ki\u015fiye \u00f6zel program tasar\u0131m\u0131d\u0131r. Antrenman\u0131n \u00f6nceden belirlendi\u011fi grup derslerinden farkl\u0131 olarak, \u00f6zel seanslar ki\u015fiye g\u00f6re d\u00fczenlenir. E\u011fitmen, m\u00fc\u015fterinin benzersiz gereksinimlerine uygun bir program olu\u015fturmak i\u00e7in m\u00fc\u015fterinin fitness seviyesini, hedeflerini ve mevcut ko\u015fullar\u0131n\u0131 dikkate al\u0131r. Bu ki\u015fiselle\u015ftirilmi\u015f yakla\u015f\u0131m, her seans\u0131n etkinli\u011fini en \u00fcst d\u00fczeye \u00e7\u0131kararak daha h\u0131zl\u0131 ilerleme ve sonu\u00e7lara yol a\u00e7ar.<\/p><p>\u00d6zel dersler ayr\u0131ca rahat ve yarg\u0131lamadan uzak bir ortam sunar. Baz\u0131 ki\u015filer, bir grup ortam\u0131nda \u00e7ekingen veya \u00e7ekingen hissedebilir, bu da \u00f6zg\u00fcvenlerini ve ilerlemelerini engelleyebilir. Bire bir seansta dan\u0131\u015fanlar, e\u011fitmenin t\u00fcm dikkatini ve deste\u011fini ald\u0131klar\u0131n\u0131 bildikleri i\u00e7in kendilerini rahat hissedebilirler. Bu, herhangi bir d\u0131\u015f bask\u0131 olmadan kendini ke\u015ffetmek ve kendine meydan okumak i\u00e7in g\u00fcvenli bir alan yarat\u0131r.<\/p><p>Ayr\u0131ca \u00f6zel pilates dersleri, planlamada esneklik sa\u011flar. Sabit programl\u0131 grup derslerinden farkl\u0131 olarak, dan\u0131\u015fan i\u00e7in uygun bir zamanda \u00f6zel seanslar d\u00fczenlenebilir. Bu esneklik, \u00f6zellikle yo\u011fun programlar\u0131 veya belirli zaman k\u0131s\u0131tlamalar\u0131 olanlar i\u00e7in faydal\u0131d\u0131r. Zindeli\u011fin \u00f6nceliklendirilebilmesini ve ki\u015finin rutinine sorunsuz bir \u015fekilde entegre edilebilmesini sa\u011flar.<\/p><p>Son olarak, \u00f6zel dersler, h\u0131zl\u0131 ilerleme veya belirli hedefler arayan ki\u015filer i\u00e7in idealdir. Bir ki\u015fi ister bir sakatl\u0131ktan iyile\u015fiyor, ister bir spor i\u00e7in antrenman yap\u0131yor veya \u00f6zel bir etkinli\u011fe haz\u0131rlan\u0131yor olsun, bire bir seanslardaki odaklanm\u0131\u015f dikkat ilerlemeyi h\u0131zland\u0131r\u0131r. E\u011fitmen, egzersizlerin yo\u011funlu\u011funu ve karma\u015f\u0131kl\u0131\u011f\u0131n\u0131 buna g\u00f6re ayarlayarak m\u00fc\u015fterinin benzersiz hedeflerine konsantre olabilir.<\/p><p>Sonu\u00e7 olarak, \u00f6zel bire bir Pilates dersleri, ki\u015fiselle\u015ftirilmi\u015f ve etkili bir fitness deneyimi arayan bireyler i\u00e7in say\u0131s\u0131z avantaj sa\u011flar. Bireyselle\u015ftirilmi\u015f ilgi, \u00f6zelle\u015ftirilmi\u015f program tasar\u0131m\u0131, konforlu ortam, esnek zamanlama ve h\u0131zland\u0131r\u0131lm\u0131\u015f ilerleme, \u00f6zel seanslar\u0131n temel avantajlar\u0131ndan baz\u0131lar\u0131d\u0131r. \u0130ster yeni ba\u015flayan biri olun ister deneyimli bir uygulay\u0131c\u0131 olun, \u00f6zel Pilates dersleri, fitness yolculu\u011funuzu geli\u015ftirmek ve hedeflerinize ula\u015fmak i\u00e7in size \u00f6zel bir yakla\u015f\u0131m sunar.<\/p>\t\t\t\t\t\t<\/div>\n\t\t\t\t<\/div>\n\t\t\t\t\t<\/div>\n\t\t<\/div>\n\t\t\t\t<div class=\"elementor-column elementor-col-50 elementor-inner-column elementor-element elementor-element-38f8a8b\" data-id=\"38f8a8b\" data-element_type=\"column\">\n\t\t\t<div class=\"elementor-widget-wrap elementor-element-populated\">\n\t\t\t\t\t\t<div class=\"elementor-element elementor-element-2dfa2b8 elementor-widget elementor-widget-image\" data-id=\"2dfa2b8\" data-element_type=\"widget\" data-widget_type=\"image.default\">\n\t\t\t\t<div class=\"elementor-widget-container\">\n\t\t\t<style>\/*! elementor - v3.19.0 - 07-02-2024 *\/\n.elementor-widget-image{text-align:center}.elementor-widget-image a{display:inline-block}.elementor-widget-image a img[src$=\".svg\"]{width:48px}.elementor-widget-image img{vertical-align:middle;display:inline-block}<\/style>\t\t\t\t\t\t\t\t\t\t<img fetchpriority=\"high\" decoding=\"async\" width=\"800\" height=\"800\" src=\"https:\/\/pilatesco.com.tr\/wp-content\/uploads\/2023\/05\/Basliksiz-24.jpg\" class=\"attachment-large size-large wp-image-2116\" alt=\"\" srcset=\"https:\/\/pilatesco.com.tr\/wp-content\/uploads\/2023\/05\/Basliksiz-24.jpg 800w, https:\/\/pilatesco.com.tr\/wp-content\/uploads\/2023\/05\/Basliksiz-24-300x300.jpg 300w, https:\/\/pilatesco.com.tr\/wp-content\/uploads\/2023\/05\/Basliksiz-24-150x150.jpg 150w, https:\/\/pilatesco.com.tr\/wp-content\/uploads\/2023\/05\/Basliksiz-24-768x768.jpg 768w, https:\/\/pilatesco.com.tr\/wp-content\/uploads\/2023\/05\/Basliksiz-24-90x90.jpg 90w, https:\/\/pilatesco.com.tr\/wp-content\/uploads\/2023\/05\/Basliksiz-24-670x670.jpg 670w\" sizes=\"(max-width: 800px) 100vw, 800px\" \/>\t\t\t\t\t\t\t\t\t\t\t\t\t<\/div>\n\t\t\t\t<\/div>\n\t\t\t\t<div class=\"elementor-element elementor-element-eac2e29 elementor-widget elementor-widget-image\" data-id=\"eac2e29\" data-element_type=\"widget\" data-widget_type=\"image.default\">\n\t\t\t\t<div class=\"elementor-widget-container\">\n\t\t\t\t\t\t\t\t\t\t\t\t\t<img decoding=\"async\" width=\"800\" height=\"800\" src=\"https:\/\/pilatesco.com.tr\/wp-content\/uploads\/2023\/05\/Basliksiz-23.jpg\" class=\"attachment-large size-large wp-image-2115\" alt=\"\" srcset=\"https:\/\/pilatesco.com.tr\/wp-content\/uploads\/2023\/05\/Basliksiz-23.jpg 800w, https:\/\/pilatesco.com.tr\/wp-content\/uploads\/2023\/05\/Basliksiz-23-300x300.jpg 300w, https:\/\/pilatesco.com.tr\/wp-content\/uploads\/2023\/05\/Basliksiz-23-150x150.jpg 150w, https:\/\/pilatesco.com.tr\/wp-content\/uploads\/2023\/05\/Basliksiz-23-768x768.jpg 768w, https:\/\/pilatesco.com.tr\/wp-content\/uploads\/2023\/05\/Basliksiz-23-90x90.jpg 90w, https:\/\/pilatesco.com.tr\/wp-content\/uploads\/2023\/05\/Basliksiz-23-670x670.jpg 670w\" sizes=\"(max-width: 800px) 100vw, 800px\" \/>\t\t\t\t\t\t\t\t\t\t\t\t\t<\/div>\n\t\t\t\t<\/div>\n\t\t\t\t\t<\/div>\n\t\t<\/div>\n\t\t\t\t\t<\/div>\n\t\t<\/section>\n\t\t\t\t\t<\/div>\n\t\t<\/div>\n\t\t\t\t\t<\/div>\n\t\t<\/section>\n\t\t\t\t<\/div>\n\t\t","protected":false},"excerpt":{"rendered":"<p>B\u0130REB\u0130R \u00d6ZEL DERS \u00d6zel bire bir Pilates dersleri, fitness ve zindelik i\u00e7in ki\u015fiselle\u015ftirilmi\u015f ve etkili bir yakla\u015f\u0131m sunar. E\u011fitimli bir e\u011fitmenin kesintisiz ilgisi ile bu oturumlar, bireysel ihtiya\u00e7 ve hedeflere hitap eden \u00f6zel bir deneyim sunar.\u00a0 \u00d6zel Pilates derslerinin faydalar\u0131n\u0131 ve avantajlar\u0131n\u0131 ke\u015ffedece\u011fiz. Her \u015feyden \u00f6nce, bire bir ayar, daha [&hellip;]<\/p>\n","protected":false},"author":1,"featured_media":0,"parent":0,"menu_order":0,"comment_status":"closed","ping_status":"closed","template":"elementor_header_footer","meta":{"footnotes":""},"class_list":["post-1996","page","type-page","status-publish","hentry"],"_links":{"self":[{"href":"https:\/\/pilatesco.com.tr\/index.php?rest_route=\/wp\/v2\/pages\/1996","targetHints":{"allow":["GET"]}}],"collection":[{"href":"https:\/\/pilatesco.com.tr\/index.php?rest_route=\/wp\/v2\/pages"}],"about":[{"href":"https:\/\/pilatesco.com.tr\/index.php?rest_route=\/wp\/v2\/types\/page"}],"author":[{"embeddable":true,"href":"https:\/\/pilatesco.com.tr\/index.php?rest_route=\/wp\/v2\/users\/1"}],"replies":[{"embeddable":true,"href":"https:\/\/pilatesco.com.tr\/index.php?rest_route=%2Fwp%2Fv2%2Fcomments&post=1996"}],"version-history":[{"count":10,"href":"https:\/\/pilatesco.com.tr\/index.php?rest_route=\/wp\/v2\/pages\/1996\/revisions"}],"predecessor-version":[{"id":2138,"href":"https:\/\/pilatesco.com.tr\/index.php?rest_route=\/wp\/v2\/pages\/1996\/revisions\/2138"}],"wp:attachment":[{"href":"https:\/\/pilatesco.com.tr\/index.php?rest_route=%2Fwp%2Fv2%2Fmedia&parent=1996"}],"curies":[{"name":"wp","href":"https:\/\/api.w.org\/{rel}","templated":true}]}}