{"id":1991,"date":"2023-05-17T20:32:14","date_gmt":"2023-05-17T17:32:14","guid":{"rendered":"https:\/\/pilatesco.com.tr\/?page_id=1991"},"modified":"2023-05-17T23:01:53","modified_gmt":"2023-05-17T20:01:53","slug":"grup-cadillac-dersleri","status":"publish","type":"page","link":"https:\/\/pilatesco.com.tr\/?page_id=1991","title":{"rendered":"Grup Cadillac Dersleri"},"content":{"rendered":"\t\t<div data-elementor-type=\"wp-page\" data-elementor-id=\"1991\" class=\"elementor elementor-1991\">\n\t\t\t\t\t\t<section class=\"elementor-section elementor-top-section elementor-element elementor-element-31e82332 elementor-section-stretched elementor-section-boxed elementor-section-height-default elementor-section-height-default\" data-id=\"31e82332\" data-element_type=\"section\" data-settings=\"{&quot;stretch_section&quot;:&quot;section-stretched&quot;,&quot;background_background&quot;:&quot;classic&quot;}\">\n\t\t\t\t\t\t\t<div class=\"elementor-background-overlay\"><\/div>\n\t\t\t\t\t\t\t<div class=\"elementor-container elementor-column-gap-no\">\n\t\t\t\t\t<div class=\"elementor-column elementor-col-100 elementor-top-column elementor-element elementor-element-798f6e0f\" data-id=\"798f6e0f\" data-element_type=\"column\">\n\t\t\t<div class=\"elementor-widget-wrap elementor-element-populated\">\n\t\t\t\t\t\t<section class=\"elementor-section elementor-inner-section elementor-element elementor-element-f653939 elementor-section-boxed elementor-section-height-default elementor-section-height-default\" data-id=\"f653939\" data-element_type=\"section\">\n\t\t\t\t\t\t<div class=\"elementor-container elementor-column-gap-default\">\n\t\t\t\t\t<div class=\"elementor-column elementor-col-50 elementor-inner-column elementor-element elementor-element-26e940c\" data-id=\"26e940c\" data-element_type=\"column\">\n\t\t\t<div class=\"elementor-widget-wrap elementor-element-populated\">\n\t\t\t\t\t\t<div class=\"elementor-element elementor-element-25f02ab elementor-widget elementor-widget-heading\" data-id=\"25f02ab\" data-element_type=\"widget\" data-widget_type=\"heading.default\">\n\t\t\t\t<div class=\"elementor-widget-container\">\n\t\t\t<style>\/*! elementor - v3.19.0 - 07-02-2024 *\/\n.elementor-heading-title{padding:0;margin:0;line-height:1}.elementor-widget-heading .elementor-heading-title[class*=elementor-size-]>a{color:inherit;font-size:inherit;line-height:inherit}.elementor-widget-heading .elementor-heading-title.elementor-size-small{font-size:15px}.elementor-widget-heading .elementor-heading-title.elementor-size-medium{font-size:19px}.elementor-widget-heading .elementor-heading-title.elementor-size-large{font-size:29px}.elementor-widget-heading .elementor-heading-title.elementor-size-xl{font-size:39px}.elementor-widget-heading .elementor-heading-title.elementor-size-xxl{font-size:59px}<\/style><h3 class=\"elementor-heading-title elementor-size-default\">GRUP CAD\u0130LLAC DERSLER\u0130<\/h3>\t\t<\/div>\n\t\t\t\t<\/div>\n\t\t\t\t<div class=\"elementor-element elementor-element-8801f1c elementor-widget elementor-widget-text-editor\" data-id=\"8801f1c\" data-element_type=\"widget\" data-widget_type=\"text-editor.default\">\n\t\t\t\t<div class=\"elementor-widget-container\">\n\t\t\t<style>\/*! elementor - v3.19.0 - 07-02-2024 *\/\n.elementor-widget-text-editor.elementor-drop-cap-view-stacked .elementor-drop-cap{background-color:#69727d;color:#fff}.elementor-widget-text-editor.elementor-drop-cap-view-framed .elementor-drop-cap{color:#69727d;border:3px solid;background-color:transparent}.elementor-widget-text-editor:not(.elementor-drop-cap-view-default) .elementor-drop-cap{margin-top:8px}.elementor-widget-text-editor:not(.elementor-drop-cap-view-default) .elementor-drop-cap-letter{width:1em;height:1em}.elementor-widget-text-editor .elementor-drop-cap{float:left;text-align:center;line-height:1;font-size:50px}.elementor-widget-text-editor .elementor-drop-cap-letter{display:inline-block}<\/style>\t\t\t\t<p><strong>Grup Cadillac\u00a0 dersleri<\/strong>, Pilates ilkelerini \u00e7ok y\u00f6nl\u00fc Cadillac aparat\u0131 ile birle\u015ftiren dinamik ve canland\u0131r\u0131c\u0131 egzersizlerdir. Bu s\u0131n\u0131flarda kat\u0131l\u0131mc\u0131lar, kaslar\u0131n\u0131 g\u00fc\u00e7lendirmek ve uzatmak, esnekli\u011fi art\u0131rmak ve genel v\u00fccut fark\u0131ndal\u0131\u011f\u0131n\u0131 art\u0131rmak i\u00e7in tasarlanm\u0131\u015f bir dizi egzersizle me\u015fgul olurlar.<\/p><p>Trapez Masas\u0131 olarak da bilinen Cadillac, \u00e7e\u015fitli \u00e7ubuklar, kay\u0131\u015flar ve yaylarla yatak benzeri bir yap\u0131ya sahip bir Pilates ekipman\u0131 par\u00e7as\u0131d\u0131r. Bu bile\u015fenler, egzersizler boyunca v\u00fccuda meydan okumak ve yard\u0131mc\u0131 olmak i\u00e7in ayarlanabilir diren\u00e7 ve destek sa\u011flar.<\/p><p>Bir grup Cadillac Pilates dersi s\u0131ras\u0131nda, kat\u0131l\u0131mc\u0131lar farkl\u0131 kas gruplar\u0131n\u0131 hedefleyen \u00e7ok \u00e7e\u015fitli egzersizler yaparlar. S\u0131n\u0131f, tipik olarak, kat\u0131l\u0131mc\u0131lara bir dizi hareket boyunca rehberlik eden ve bireyselle\u015ftirilmi\u015f de\u011fi\u015fiklikler ve d\u00fczeltmeler sa\u011flayan e\u011fitimli bir e\u011fitmen taraf\u0131ndan y\u00f6netilir.<\/p><p>Ders, nefes almaya, hizalanmaya ve \u00e7ekirdek kaslar\u0131 harekete ge\u00e7irmeye odaklanan bir \u0131s\u0131nma ile ba\u015flar. Kat\u0131l\u0131mc\u0131lar daha sonra Cadillac&#8217;\u0131n \u00e7e\u015fitli bile\u015fenlerini kullan\u0131rken kollar\u0131, bacaklar\u0131 ve g\u00f6vdeyi \u00e7al\u0131\u015ft\u0131ran egzersizlere ge\u00e7erler. Yaylar\u0131n sa\u011flad\u0131\u011f\u0131 diren\u00e7 kaslar\u0131 zorlarken, \u00e7ubuklar ve kay\u0131\u015flar esnemeye ve esnekli\u011fi geli\u015ftirmeye yard\u0131mc\u0131 olur.<\/p><p>Cadillac&#8217;\u0131n \u00e7ok y\u00f6nl\u00fcl\u00fc\u011f\u00fc, \u00e7ok \u00e7e\u015fitli egzersizlere izin verir. Kat\u0131l\u0131mc\u0131lar, s\u0131rt\u00fcst\u00fc, oturmu\u015f, diz \u00e7\u00f6km\u00fc\u015f veya ayakta durarak hareketleri ger\u00e7ekle\u015ftirerek kapsaml\u0131 bir t\u00fcm v\u00fccut antreman\u0131 yapabilirler. Diren\u00e7 ve yay gerilimi bireysel ihtiya\u00e7lara g\u00f6re ayarlanabildi\u011finden, Cadillac ayn\u0131 zamanda farkl\u0131 kondisyon seviyeleri ve v\u00fccut tiplerinden kat\u0131l\u0131mc\u0131lar\u0131 da bar\u0131nd\u0131r\u0131r.<\/p><p>Grup Cadillac Pilates dersleri \u00e7ok say\u0131da avantaj sunar. \u00c7ekirdek g\u00fcc\u00fcn\u00fc geli\u015ftirmeye, duru\u015fu iyile\u015ftirmeye ve kas dayan\u0131kl\u0131l\u0131\u011f\u0131n\u0131 art\u0131rmaya yard\u0131mc\u0131 olurlar. Cadillac \u00fczerinde yap\u0131lan egzersizler ayn\u0131 zamanda denge, koordinasyon ve v\u00fccut fark\u0131ndal\u0131\u011f\u0131n\u0131 da destekler. Hem b\u00fcy\u00fck hem de k\u00fc\u00e7\u00fck kas gruplar\u0131n\u0131 \u00e7al\u0131\u015ft\u0131ran bu s\u0131n\u0131flar, t\u00fcm v\u00fccudu hedefleyen \u00e7ok y\u00f6nl\u00fc bir egzersiz sa\u011flar.<\/p><p>Ayr\u0131ca, grup ortam\u0131 motive edici ve destekleyici bir ortam yarat\u0131r. Kat\u0131l\u0131mc\u0131lar ba\u015fkalar\u0131ndan ilham alabilir, ilerlemelerini payla\u015fabilir ve e\u011fitmenden rehberlik alabilir. Bir grup dersinin yolda\u015fl\u0131\u011f\u0131 ve enerjisi, daha ilgi \u00e7ekici ve e\u011flenceli bir deneyime katk\u0131da bulunur.<\/p><p>Sonu\u00e7 olarak, grup Cadillac Pilates dersleri, Pilates ilkelerini Cadillac aparat\u0131n\u0131n \u00e7ok y\u00f6nl\u00fcl\u00fc\u011f\u00fc ile birle\u015ftiren dinamik ve etkili egzersizlerdir. Bu s\u0131n\u0131flar, g\u00fcc\u00fc, esnekli\u011fi ve v\u00fccut fark\u0131ndal\u0131\u011f\u0131n\u0131 destekleyen kapsaml\u0131 bir tam v\u00fccut egzersizi sunar. E\u011fitimli bir e\u011fitmenin rehberli\u011fi ve di\u011fer kat\u0131l\u0131mc\u0131lar\u0131n deste\u011fiyle Cadillac Pilates grup dersleri, fiziksel zindeliklerini ve genel sa\u011fl\u0131klar\u0131n\u0131 iyile\u015ftirmek isteyen bireyler i\u00e7in ilgi \u00e7ekici ve motive edici bir ortam sa\u011flar.<\/p>\t\t\t\t\t\t<\/div>\n\t\t\t\t<\/div>\n\t\t\t\t\t<\/div>\n\t\t<\/div>\n\t\t\t\t<div class=\"elementor-column elementor-col-50 elementor-inner-column elementor-element elementor-element-38f8a8b\" data-id=\"38f8a8b\" data-element_type=\"column\">\n\t\t\t<div class=\"elementor-widget-wrap elementor-element-populated\">\n\t\t\t\t\t\t<div class=\"elementor-element elementor-element-2dfa2b8 elementor-widget elementor-widget-image\" data-id=\"2dfa2b8\" data-element_type=\"widget\" data-widget_type=\"image.default\">\n\t\t\t\t<div class=\"elementor-widget-container\">\n\t\t\t<style>\/*! elementor - v3.19.0 - 07-02-2024 *\/\n.elementor-widget-image{text-align:center}.elementor-widget-image a{display:inline-block}.elementor-widget-image a img[src$=\".svg\"]{width:48px}.elementor-widget-image img{vertical-align:middle;display:inline-block}<\/style>\t\t\t\t\t\t\t\t\t\t<img fetchpriority=\"high\" decoding=\"async\" width=\"800\" height=\"800\" src=\"https:\/\/pilatesco.com.tr\/wp-content\/uploads\/2023\/05\/Basliksiz-16.jpg\" class=\"attachment-large size-large wp-image-2108\" alt=\"\" srcset=\"https:\/\/pilatesco.com.tr\/wp-content\/uploads\/2023\/05\/Basliksiz-16.jpg 800w, https:\/\/pilatesco.com.tr\/wp-content\/uploads\/2023\/05\/Basliksiz-16-300x300.jpg 300w, https:\/\/pilatesco.com.tr\/wp-content\/uploads\/2023\/05\/Basliksiz-16-150x150.jpg 150w, https:\/\/pilatesco.com.tr\/wp-content\/uploads\/2023\/05\/Basliksiz-16-768x768.jpg 768w, https:\/\/pilatesco.com.tr\/wp-content\/uploads\/2023\/05\/Basliksiz-16-90x90.jpg 90w, https:\/\/pilatesco.com.tr\/wp-content\/uploads\/2023\/05\/Basliksiz-16-670x670.jpg 670w\" sizes=\"(max-width: 800px) 100vw, 800px\" \/>\t\t\t\t\t\t\t\t\t\t\t\t\t<\/div>\n\t\t\t\t<\/div>\n\t\t\t\t<div class=\"elementor-element elementor-element-eac2e29 elementor-widget elementor-widget-image\" data-id=\"eac2e29\" data-element_type=\"widget\" data-widget_type=\"image.default\">\n\t\t\t\t<div class=\"elementor-widget-container\">\n\t\t\t\t\t\t\t\t\t\t\t\t\t<img decoding=\"async\" width=\"800\" height=\"800\" src=\"https:\/\/pilatesco.com.tr\/wp-content\/uploads\/2023\/05\/Basliksiz-8.jpg\" class=\"attachment-large size-large wp-image-2100\" alt=\"\" srcset=\"https:\/\/pilatesco.com.tr\/wp-content\/uploads\/2023\/05\/Basliksiz-8.jpg 800w, https:\/\/pilatesco.com.tr\/wp-content\/uploads\/2023\/05\/Basliksiz-8-300x300.jpg 300w, https:\/\/pilatesco.com.tr\/wp-content\/uploads\/2023\/05\/Basliksiz-8-150x150.jpg 150w, https:\/\/pilatesco.com.tr\/wp-content\/uploads\/2023\/05\/Basliksiz-8-768x768.jpg 768w, https:\/\/pilatesco.com.tr\/wp-content\/uploads\/2023\/05\/Basliksiz-8-90x90.jpg 90w, https:\/\/pilatesco.com.tr\/wp-content\/uploads\/2023\/05\/Basliksiz-8-670x670.jpg 670w\" sizes=\"(max-width: 800px) 100vw, 800px\" \/>\t\t\t\t\t\t\t\t\t\t\t\t\t<\/div>\n\t\t\t\t<\/div>\n\t\t\t\t\t<\/div>\n\t\t<\/div>\n\t\t\t\t\t<\/div>\n\t\t<\/section>\n\t\t\t\t\t<\/div>\n\t\t<\/div>\n\t\t\t\t\t<\/div>\n\t\t<\/section>\n\t\t\t\t<\/div>\n\t\t","protected":false},"excerpt":{"rendered":"<p>GRUP CAD\u0130LLAC DERSLER\u0130 Grup Cadillac\u00a0 dersleri, Pilates ilkelerini \u00e7ok y\u00f6nl\u00fc Cadillac aparat\u0131 ile birle\u015ftiren dinamik ve canland\u0131r\u0131c\u0131 egzersizlerdir. Bu s\u0131n\u0131flarda kat\u0131l\u0131mc\u0131lar, kaslar\u0131n\u0131 g\u00fc\u00e7lendirmek ve uzatmak, esnekli\u011fi art\u0131rmak ve genel v\u00fccut fark\u0131ndal\u0131\u011f\u0131n\u0131 art\u0131rmak i\u00e7in tasarlanm\u0131\u015f bir dizi egzersizle me\u015fgul olurlar. Trapez Masas\u0131 olarak da bilinen Cadillac, \u00e7e\u015fitli \u00e7ubuklar, kay\u0131\u015flar ve yaylarla [&hellip;]<\/p>\n","protected":false},"author":1,"featured_media":0,"parent":0,"menu_order":0,"comment_status":"closed","ping_status":"closed","template":"elementor_header_footer","meta":{"footnotes":""},"class_list":["post-1991","page","type-page","status-publish","hentry"],"_links":{"self":[{"href":"https:\/\/pilatesco.com.tr\/index.php?rest_route=\/wp\/v2\/pages\/1991","targetHints":{"allow":["GET"]}}],"collection":[{"href":"https:\/\/pilatesco.com.tr\/index.php?rest_route=\/wp\/v2\/pages"}],"about":[{"href":"https:\/\/pilatesco.com.tr\/index.php?rest_route=\/wp\/v2\/types\/page"}],"author":[{"embeddable":true,"href":"https:\/\/pilatesco.com.tr\/index.php?rest_route=\/wp\/v2\/users\/1"}],"replies":[{"embeddable":true,"href":"https:\/\/pilatesco.com.tr\/index.php?rest_route=%2Fwp%2Fv2%2Fcomments&post=1991"}],"version-history":[{"count":10,"href":"https:\/\/pilatesco.com.tr\/index.php?rest_route=\/wp\/v2\/pages\/1991\/revisions"}],"predecessor-version":[{"id":2135,"href":"https:\/\/pilatesco.com.tr\/index.php?rest_route=\/wp\/v2\/pages\/1991\/revisions\/2135"}],"wp:attachment":[{"href":"https:\/\/pilatesco.com.tr\/index.php?rest_route=%2Fwp%2Fv2%2Fmedia&parent=1991"}],"curies":[{"name":"wp","href":"https:\/\/api.w.org\/{rel}","templated":true}]}}