{"id":1981,"date":"2023-05-17T20:09:32","date_gmt":"2023-05-17T17:09:32","guid":{"rendered":"https:\/\/pilatesco.com.tr\/?page_id=1981"},"modified":"2023-05-17T23:00:48","modified_gmt":"2023-05-17T20:00:48","slug":"grup-reformer-dersleri","status":"publish","type":"page","link":"https:\/\/pilatesco.com.tr\/?page_id=1981","title":{"rendered":"Grup Reformer Dersleri"},"content":{"rendered":"\t\t<div data-elementor-type=\"wp-page\" data-elementor-id=\"1981\" class=\"elementor elementor-1981\">\n\t\t\t\t\t\t<section class=\"elementor-section elementor-top-section elementor-element elementor-element-31e82332 elementor-section-stretched elementor-section-boxed elementor-section-height-default elementor-section-height-default\" data-id=\"31e82332\" data-element_type=\"section\" data-settings=\"{&quot;stretch_section&quot;:&quot;section-stretched&quot;,&quot;background_background&quot;:&quot;classic&quot;}\">\n\t\t\t\t\t\t\t<div class=\"elementor-background-overlay\"><\/div>\n\t\t\t\t\t\t\t<div class=\"elementor-container elementor-column-gap-no\">\n\t\t\t\t\t<div class=\"elementor-column elementor-col-100 elementor-top-column elementor-element elementor-element-798f6e0f\" data-id=\"798f6e0f\" data-element_type=\"column\">\n\t\t\t<div class=\"elementor-widget-wrap elementor-element-populated\">\n\t\t\t\t\t\t<section class=\"elementor-section elementor-inner-section elementor-element elementor-element-f653939 elementor-section-boxed elementor-section-height-default elementor-section-height-default\" data-id=\"f653939\" data-element_type=\"section\">\n\t\t\t\t\t\t<div class=\"elementor-container elementor-column-gap-default\">\n\t\t\t\t\t<div class=\"elementor-column elementor-col-50 elementor-inner-column elementor-element elementor-element-26e940c\" data-id=\"26e940c\" data-element_type=\"column\">\n\t\t\t<div class=\"elementor-widget-wrap elementor-element-populated\">\n\t\t\t\t\t\t<div class=\"elementor-element elementor-element-25f02ab elementor-widget elementor-widget-heading\" data-id=\"25f02ab\" data-element_type=\"widget\" data-widget_type=\"heading.default\">\n\t\t\t\t<div class=\"elementor-widget-container\">\n\t\t\t<style>\/*! elementor - v3.19.0 - 07-02-2024 *\/\n.elementor-heading-title{padding:0;margin:0;line-height:1}.elementor-widget-heading .elementor-heading-title[class*=elementor-size-]>a{color:inherit;font-size:inherit;line-height:inherit}.elementor-widget-heading .elementor-heading-title.elementor-size-small{font-size:15px}.elementor-widget-heading .elementor-heading-title.elementor-size-medium{font-size:19px}.elementor-widget-heading .elementor-heading-title.elementor-size-large{font-size:29px}.elementor-widget-heading .elementor-heading-title.elementor-size-xl{font-size:39px}.elementor-widget-heading .elementor-heading-title.elementor-size-xxl{font-size:59px}<\/style><h3 class=\"elementor-heading-title elementor-size-default\">GRUP REFORMER DERSLER\u0130<\/h3>\t\t<\/div>\n\t\t\t\t<\/div>\n\t\t\t\t<div class=\"elementor-element elementor-element-8801f1c elementor-widget elementor-widget-text-editor\" data-id=\"8801f1c\" data-element_type=\"widget\" data-widget_type=\"text-editor.default\">\n\t\t\t\t<div class=\"elementor-widget-container\">\n\t\t\t<style>\/*! elementor - v3.19.0 - 07-02-2024 *\/\n.elementor-widget-text-editor.elementor-drop-cap-view-stacked .elementor-drop-cap{background-color:#69727d;color:#fff}.elementor-widget-text-editor.elementor-drop-cap-view-framed .elementor-drop-cap{color:#69727d;border:3px solid;background-color:transparent}.elementor-widget-text-editor:not(.elementor-drop-cap-view-default) .elementor-drop-cap{margin-top:8px}.elementor-widget-text-editor:not(.elementor-drop-cap-view-default) .elementor-drop-cap-letter{width:1em;height:1em}.elementor-widget-text-editor .elementor-drop-cap{float:left;text-align:center;line-height:1;font-size:50px}.elementor-widget-text-editor .elementor-drop-cap-letter{display:inline-block}<\/style>\t\t\t\t<p><strong>Grup reformer dersleri<\/strong>, destekleyici ve dinamik bir ortamda tam v\u00fccut egzersizi elde etmenin pop\u00fcler ve etkili bir yoludur. Tipik olarak \u00f6zel Pilates st\u00fcdyolar\u0131nda y\u00fcr\u00fct\u00fclen bu seanslar, bir reformer makinesinin kullan\u0131m\u0131n\u0131 kalifiye bir e\u011fitmenin rehberli\u011fi ile birle\u015ftirir. Bu yaz\u0131da, grup reformcu derslerinin faydalar\u0131n\u0131 ve \u00f6zelliklerini ke\u015ffedece\u011fiz.<\/p><p>Grup reformcu derslerinin ana avantajlar\u0131ndan biri sosyal y\u00f6n\u00fcd\u00fcr. Bir grup ortam\u0131nda egzersiz yapmak, bir dostluk ve motivasyon duygusu yaratarak egzersiz rutinine ba\u011fl\u0131 kalmay\u0131 kolayla\u015ft\u0131r\u0131r. Payla\u015f\u0131lan deneyim, kat\u0131l\u0131mc\u0131lar\u0131n zindelik hedeflerine ula\u015fmak i\u00e7in birbirlerini cesaretlendirebilecekleri ve ilham verebilecekleri destekleyici bir atmosfer yarat\u0131r.<\/p><p>Reformer makinesinin kendisi \u00e7ok y\u00f6nl\u00fc ve ayarlanabilir bir aparatt\u0131r. \u00c7e\u015fitli diren\u00e7 seviyeleri sa\u011flamak \u00fczere ayarlanabilen yaylara ba\u011fl\u0131 kayan bir arabadan olu\u015fur. Bu, farkl\u0131 kondisyon seviyelerindeki kat\u0131l\u0131mc\u0131lar\u0131n antrenmanlar\u0131n\u0131 bireysel ihtiya\u00e7lar\u0131na ve yeteneklerine g\u00f6re \u00f6zelle\u015ftirmelerine olanak tan\u0131r. Reformer, v\u00fccuttaki kaslar\u0131 etkili bir \u015fekilde hedeflerken eklemlere kar\u015f\u0131 nazik olan d\u00fc\u015f\u00fck etkili bir egzersiz sa\u011flar.<\/p><p>Grup reformcu dersleri, \u00e7ekirdek g\u00fcc\u00fc, esnekli\u011fi ve genel v\u00fccut uyumunu geli\u015ftirmeye odaklan\u0131r. Reformer \u00fczerinde ger\u00e7ekle\u015ftirilen egzersizler, derin stabilize edici kaslar\u0131 harekete ge\u00e7irerek \u00e7ekirdek stabilitesini artt\u0131r\u0131r ve daha iyi duru\u015fu destekler. Yaylar\u0131n sa\u011flad\u0131\u011f\u0131 diren\u00e7, kaslar\u0131 zorlayarak g\u00fc\u00e7 ve tonlaman\u0131n artmas\u0131na neden olur. Ek olarak, reformer, esnekli\u011fi te\u015fvik ederek ve ortak hareketlili\u011fi iyile\u015ftirerek \u00e7ok \u00e7e\u015fitli hareket ve pozisyonlara izin verir.<\/p><p>Grup reformcu derslerinin bir ba\u015fka yarar\u0131 da nitelikli e\u011fitmenlerin uzman rehberli\u011fidir. Bu profesyoneller, bireysel ihtiya\u00e7lar\u0131 de\u011ferlendirmek ve antrenmanlar\u0131 buna g\u00f6re uyarlamak i\u00e7in e\u011fitilmi\u015ftir. Her egzersizin faydalar\u0131n\u0131 en \u00fcst d\u00fczeye \u00e7\u0131karmak i\u00e7in uygun form ve tekni\u011fi sa\u011flayarak ki\u015fiselle\u015ftirilmi\u015f modifikasyonlar ve d\u00fczeltmeler sa\u011flarlar. E\u011fitmenler ayr\u0131ca farkl\u0131 kas gruplar\u0131n\u0131 hedefleyen, monotonlu\u011fu \u00f6nleyen ve antrenmanlar\u0131 zorlu ve ilgi \u00e7ekici tutan \u00e7e\u015fitli rutinler olu\u015fturur.<\/p><p>Sonu\u00e7 olarak, grup reformcu dersleri, etkili ve e\u011flenceli bir egzersiz deneyimi arayan bireyler i\u00e7in say\u0131s\u0131z avantaj sunar. Reform makinesi \u00e7ok y\u00f6nl\u00fcl\u00fck ve ki\u015fiselle\u015ftirme sa\u011flarken, sosyal \u00e7evre motivasyonu ve deste\u011fi te\u015fvik eder. \u00c7ekirdek g\u00fcc\u00fc, esneklik ve hizalamaya odaklanmak, genel olarak iyile\u015ftirilmi\u015f zindelik ve esenli\u011fe yol a\u00e7ar. Nitelikli e\u011fitmenlerin rehberli\u011finde, kat\u0131l\u0131mc\u0131lar fitness hedeflerine g\u00fcvenli ve etkili bir \u015fekilde ula\u015fabilirler. Bu nedenle, dinamik ve kapsaml\u0131 bir antrenman ar\u0131yorsan\u0131z, bir grup reformer s\u0131n\u0131f\u0131na kat\u0131lmay\u0131 d\u00fc\u015f\u00fcn\u00fcn ve faydalar\u0131 kendiniz deneyimleyin.<\/p>\t\t\t\t\t\t<\/div>\n\t\t\t\t<\/div>\n\t\t\t\t\t<\/div>\n\t\t<\/div>\n\t\t\t\t<div class=\"elementor-column elementor-col-50 elementor-inner-column elementor-element elementor-element-38f8a8b\" data-id=\"38f8a8b\" data-element_type=\"column\">\n\t\t\t<div class=\"elementor-widget-wrap elementor-element-populated\">\n\t\t\t\t\t\t<div class=\"elementor-element elementor-element-2dfa2b8 elementor-widget elementor-widget-image\" data-id=\"2dfa2b8\" data-element_type=\"widget\" data-widget_type=\"image.default\">\n\t\t\t\t<div class=\"elementor-widget-container\">\n\t\t\t<style>\/*! elementor - v3.19.0 - 07-02-2024 *\/\n.elementor-widget-image{text-align:center}.elementor-widget-image a{display:inline-block}.elementor-widget-image a img[src$=\".svg\"]{width:48px}.elementor-widget-image img{vertical-align:middle;display:inline-block}<\/style>\t\t\t\t\t\t\t\t\t\t<img fetchpriority=\"high\" decoding=\"async\" width=\"800\" height=\"800\" src=\"https:\/\/pilatesco.com.tr\/wp-content\/uploads\/2023\/05\/Basliksiz-7.jpg\" class=\"attachment-large size-large wp-image-2099\" alt=\"\" srcset=\"https:\/\/pilatesco.com.tr\/wp-content\/uploads\/2023\/05\/Basliksiz-7.jpg 800w, https:\/\/pilatesco.com.tr\/wp-content\/uploads\/2023\/05\/Basliksiz-7-300x300.jpg 300w, https:\/\/pilatesco.com.tr\/wp-content\/uploads\/2023\/05\/Basliksiz-7-150x150.jpg 150w, https:\/\/pilatesco.com.tr\/wp-content\/uploads\/2023\/05\/Basliksiz-7-768x768.jpg 768w, https:\/\/pilatesco.com.tr\/wp-content\/uploads\/2023\/05\/Basliksiz-7-90x90.jpg 90w, https:\/\/pilatesco.com.tr\/wp-content\/uploads\/2023\/05\/Basliksiz-7-670x670.jpg 670w\" sizes=\"(max-width: 800px) 100vw, 800px\" \/>\t\t\t\t\t\t\t\t\t\t\t\t\t<\/div>\n\t\t\t\t<\/div>\n\t\t\t\t<div class=\"elementor-element elementor-element-eac2e29 elementor-widget elementor-widget-image\" data-id=\"eac2e29\" data-element_type=\"widget\" data-widget_type=\"image.default\">\n\t\t\t\t<div class=\"elementor-widget-container\">\n\t\t\t\t\t\t\t\t\t\t\t\t\t<img decoding=\"async\" width=\"800\" height=\"800\" src=\"https:\/\/pilatesco.com.tr\/wp-content\/uploads\/2023\/05\/Basliksiz-27.jpg\" class=\"attachment-large size-large wp-image-2119\" alt=\"\" srcset=\"https:\/\/pilatesco.com.tr\/wp-content\/uploads\/2023\/05\/Basliksiz-27.jpg 800w, https:\/\/pilatesco.com.tr\/wp-content\/uploads\/2023\/05\/Basliksiz-27-300x300.jpg 300w, https:\/\/pilatesco.com.tr\/wp-content\/uploads\/2023\/05\/Basliksiz-27-150x150.jpg 150w, https:\/\/pilatesco.com.tr\/wp-content\/uploads\/2023\/05\/Basliksiz-27-768x768.jpg 768w, https:\/\/pilatesco.com.tr\/wp-content\/uploads\/2023\/05\/Basliksiz-27-90x90.jpg 90w, https:\/\/pilatesco.com.tr\/wp-content\/uploads\/2023\/05\/Basliksiz-27-670x670.jpg 670w\" sizes=\"(max-width: 800px) 100vw, 800px\" \/>\t\t\t\t\t\t\t\t\t\t\t\t\t<\/div>\n\t\t\t\t<\/div>\n\t\t\t\t\t<\/div>\n\t\t<\/div>\n\t\t\t\t\t<\/div>\n\t\t<\/section>\n\t\t\t\t\t<\/div>\n\t\t<\/div>\n\t\t\t\t\t<\/div>\n\t\t<\/section>\n\t\t\t\t<\/div>\n\t\t","protected":false},"excerpt":{"rendered":"<p>GRUP REFORMER DERSLER\u0130 Grup reformer dersleri, destekleyici ve dinamik bir ortamda tam v\u00fccut egzersizi elde etmenin pop\u00fcler ve etkili bir yoludur. Tipik olarak \u00f6zel Pilates st\u00fcdyolar\u0131nda y\u00fcr\u00fct\u00fclen bu seanslar, bir reformer makinesinin kullan\u0131m\u0131n\u0131 kalifiye bir e\u011fitmenin rehberli\u011fi ile birle\u015ftirir. Bu yaz\u0131da, grup reformcu derslerinin faydalar\u0131n\u0131 ve \u00f6zelliklerini ke\u015ffedece\u011fiz. Grup reformcu [&hellip;]<\/p>\n","protected":false},"author":1,"featured_media":0,"parent":0,"menu_order":0,"comment_status":"closed","ping_status":"closed","template":"elementor_header_footer","meta":{"footnotes":""},"class_list":["post-1981","page","type-page","status-publish","hentry"],"_links":{"self":[{"href":"https:\/\/pilatesco.com.tr\/index.php?rest_route=\/wp\/v2\/pages\/1981","targetHints":{"allow":["GET"]}}],"collection":[{"href":"https:\/\/pilatesco.com.tr\/index.php?rest_route=\/wp\/v2\/pages"}],"about":[{"href":"https:\/\/pilatesco.com.tr\/index.php?rest_route=\/wp\/v2\/types\/page"}],"author":[{"embeddable":true,"href":"https:\/\/pilatesco.com.tr\/index.php?rest_route=\/wp\/v2\/users\/1"}],"replies":[{"embeddable":true,"href":"https:\/\/pilatesco.com.tr\/index.php?rest_route=%2Fwp%2Fv2%2Fcomments&post=1981"}],"version-history":[{"count":10,"href":"https:\/\/pilatesco.com.tr\/index.php?rest_route=\/wp\/v2\/pages\/1981\/revisions"}],"predecessor-version":[{"id":2129,"href":"https:\/\/pilatesco.com.tr\/index.php?rest_route=\/wp\/v2\/pages\/1981\/revisions\/2129"}],"wp:attachment":[{"href":"https:\/\/pilatesco.com.tr\/index.php?rest_route=%2Fwp%2Fv2%2Fmedia&parent=1981"}],"curies":[{"name":"wp","href":"https:\/\/api.w.org\/{rel}","templated":true}]}}