{"id":1966,"date":"2023-05-14T12:33:41","date_gmt":"2023-05-14T09:33:41","guid":{"rendered":"https:\/\/pilatesco.com.tr\/?page_id=1966"},"modified":"2023-05-17T20:03:33","modified_gmt":"2023-05-17T17:03:33","slug":"hakkimizda","status":"publish","type":"page","link":"https:\/\/pilatesco.com.tr\/?page_id=1966","title":{"rendered":"Hakk\u0131m\u0131zda"},"content":{"rendered":"\t\t<div data-elementor-type=\"wp-page\" data-elementor-id=\"1966\" class=\"elementor elementor-1966\">\n\t\t\t\t\t\t<section class=\"elementor-section elementor-top-section elementor-element elementor-element-31e82332 elementor-section-stretched elementor-section-boxed elementor-section-height-default elementor-section-height-default\" data-id=\"31e82332\" data-element_type=\"section\" data-settings=\"{&quot;stretch_section&quot;:&quot;section-stretched&quot;,&quot;background_background&quot;:&quot;classic&quot;}\">\n\t\t\t\t\t\t\t<div class=\"elementor-background-overlay\"><\/div>\n\t\t\t\t\t\t\t<div class=\"elementor-container elementor-column-gap-no\">\n\t\t\t\t\t<div class=\"elementor-column elementor-col-100 elementor-top-column elementor-element elementor-element-798f6e0f\" data-id=\"798f6e0f\" data-element_type=\"column\">\n\t\t\t<div class=\"elementor-widget-wrap elementor-element-populated\">\n\t\t\t\t\t\t<section class=\"elementor-section elementor-inner-section elementor-element elementor-element-f653939 elementor-section-boxed elementor-section-height-default elementor-section-height-default\" data-id=\"f653939\" data-element_type=\"section\">\n\t\t\t\t\t\t<div class=\"elementor-container elementor-column-gap-default\">\n\t\t\t\t\t<div class=\"elementor-column elementor-col-50 elementor-inner-column elementor-element elementor-element-26e940c\" data-id=\"26e940c\" data-element_type=\"column\">\n\t\t\t<div class=\"elementor-widget-wrap elementor-element-populated\">\n\t\t\t\t\t\t<div class=\"elementor-element elementor-element-25f02ab elementor-widget elementor-widget-heading\" data-id=\"25f02ab\" data-element_type=\"widget\" data-widget_type=\"heading.default\">\n\t\t\t\t<div class=\"elementor-widget-container\">\n\t\t\t<style>\/*! elementor - v3.19.0 - 07-02-2024 *\/\n.elementor-heading-title{padding:0;margin:0;line-height:1}.elementor-widget-heading .elementor-heading-title[class*=elementor-size-]>a{color:inherit;font-size:inherit;line-height:inherit}.elementor-widget-heading .elementor-heading-title.elementor-size-small{font-size:15px}.elementor-widget-heading .elementor-heading-title.elementor-size-medium{font-size:19px}.elementor-widget-heading .elementor-heading-title.elementor-size-large{font-size:29px}.elementor-widget-heading .elementor-heading-title.elementor-size-xl{font-size:39px}.elementor-widget-heading .elementor-heading-title.elementor-size-xxl{font-size:59px}<\/style><h3 class=\"elementor-heading-title elementor-size-default\">YA\u015eAM TARZI OLARAK P\u0130LATES !<\/h3>\t\t<\/div>\n\t\t\t\t<\/div>\n\t\t\t\t<div class=\"elementor-element elementor-element-8801f1c elementor-widget elementor-widget-text-editor\" data-id=\"8801f1c\" data-element_type=\"widget\" data-widget_type=\"text-editor.default\">\n\t\t\t\t<div class=\"elementor-widget-container\">\n\t\t\t<style>\/*! elementor - v3.19.0 - 07-02-2024 *\/\n.elementor-widget-text-editor.elementor-drop-cap-view-stacked .elementor-drop-cap{background-color:#69727d;color:#fff}.elementor-widget-text-editor.elementor-drop-cap-view-framed .elementor-drop-cap{color:#69727d;border:3px solid;background-color:transparent}.elementor-widget-text-editor:not(.elementor-drop-cap-view-default) .elementor-drop-cap{margin-top:8px}.elementor-widget-text-editor:not(.elementor-drop-cap-view-default) .elementor-drop-cap-letter{width:1em;height:1em}.elementor-widget-text-editor .elementor-drop-cap{float:left;text-align:center;line-height:1;font-size:50px}.elementor-widget-text-editor .elementor-drop-cap-letter{display:inline-block}<\/style>\t\t\t\t<p class=\"gmail-p3\">S\u0131k\u0131la\u015fmak , G\u00fc\u00e7lenmek , Esneklik kazanmak , Mental dinginlik , Sosyallik , Mekanlar ,Spor dallar\u0131 , Zevklerin \u00f6tesinde insanl\u0131\u011f\u0131n temelini olu\u015fturan \u00e7ok daha temel bir olgu:\u0130yi ya\u015fam.<\/p><p class=\"gmail-p3\">Kurumumuz kadrosunu hen\u00fcz \u00e7ekirdek aile ile olu\u015fturmu\u015f , siz k\u0131ymetli \u00fcyelerimizle b\u00fcy\u00fcmeyi hedeflemektedir.<\/p><p class=\"gmail-p3\"><strong>Kurumsal ve kaliteli yap\u0131m\u0131zdan<\/strong> , ilk g\u00fcnk\u00fc heyecan\u0131m\u0131zla \u00f6zenimizi koruyarak \u00fcyelerine ; her bireyin kendi tarz\u0131n\u0131 yans\u0131tan ki\u015fisel \u00f6zellikleri , hayat beklentileri , egzersiz performans\u0131 , ya\u015fam kalitesi ve tarz\u0131n\u0131 daha da yukar\u0131 ta\u015f\u0131yacak motivasyon , antrenman ve ekipman deste\u011fini sunmak ad\u0131na sizlerle yola \u00e7\u0131kt\u0131k.<\/p><p class=\"gmail-p3\">Her ge\u00e7en g\u00fcn \u2018\u2019Pilates Company Ailesi\u2019\u2019 olarak daha da b\u00fcy\u00fcyerek bu geli\u015fime birlikte \u015fahit olacak ve birlikte daha y\u00fckse\u011fe ta\u015f\u0131yaca\u011f\u0131m\u0131zdan dolay\u0131 gurur duymaktay\u0131z.<\/p><p class=\"gmail-p3\">Butik ki\u015fisel dokunu\u015flara sahip ba\u011f\u0131ms\u0131z st\u00fcdyomuzda ; edindi\u011fimiz deneyim , bilgi ve ekipmanlar\u0131m\u0131zla en iyiyi ula\u015f\u0131labilir hale getiriyoruz.<\/p><p class=\"gmail-p3\">Antrenman\u0131 yapan , ekipman\u0131 kullanan ve st\u00fcdyoyu de\u011ferli k\u0131lan insanlar olmadan hi\u00e7birinin tek ba\u015f\u0131na anlam ifade etmedi\u011fini biliyoruz.<\/p><p class=\"gmail-p3\">10.04.2023 tarihi itibariyle Beylikd\u00fcz\u00fc \/ Semerkand Line AVM\u2019de faaliyete ba\u015flam\u0131\u015f bulunmaktay\u0131z.G\u00fcler y\u00fczl\u00fc,enerjik,s\u0131cak bir ortam sunan \u2018\u2019Pilates Company\u2019\u2019 ile sizleride Pilates\u2019i \u2018\u2019ya\u015fam tarz\u0131 olarak benimsemeye davet ediyoruz\u2019\u2019.<\/p><p class=\"gmail-p3\">Hareketsiz kas ve beyin h\u00fccrelerinin yeniden canland\u0131r\u0131lmas\u0131na dayal\u0131 zihin ve beden b\u00fct\u00fcn\u00fcnde Pilates\u2019i bir<\/p><p class=\"gmail-p3\">\u2018\u2019ya\u015fam tarz\u0131\u2019\u2019 olarak benimsemi\u015f olan ki\u015filer ayn\u0131 zamanda i\u00e7 g\u00f6zlem yapabilen ve esnek olabilen bireylerdir.<\/p><p class=\"gmail-p3\">Birka\u00e7 Pilates seans\u0131 sonras\u0131nda iyile\u015ftirilmi\u015f dengenin , koordinasyonun ve \u00e7ekirdek g\u00fcc\u00fcn\u00fcn g\u00fcnl\u00fck hayatta ve di\u011fer favori egzersiz formlar\u0131n\u0131z\u0131 ger\u00e7ekle\u015ftirirken size nas\u0131l yard\u0131mc\u0131 oldu\u011funun fark\u0131ndal\u0131\u011f\u0131n\u0131 ya\u015fayacaks\u0131n\u0131z.<\/p><p class=\"gmail-p3\">\u2018\u2019Grup\u2019\u2019 ve \u2018\u2019 Bireysel\u2019\u2019 Cadillac Reformer , Reformer dersleri i\u00e7in son teknoloji ekipmanlar\u0131 , \u2018\u2019 Pilates Company Studio\u2019\u2019 e\u011fitmenlerinin profesyonel e\u011fitim ve deneyimi ; kendinizi rahat , zinde ve keyifli hissedece\u011finiz bir atmosfer ile herkes i\u00e7in ula\u015f\u0131labilir spor deneyimi sunuyoruz.<\/p><p class=\"gmail-p3\">Ya\u015fam Tarz\u0131 olarak Pilates i\u00e7in<span class=\"gmail-Apple-converted-space\">\u00a0 <\/span>, \u2018\u2019Pilates Company Studio\u2019\u2019 ailesini tercih etmenin ayr\u0131cal\u0131\u011f\u0131n\u0131 ya\u015famaya<\/p><p class=\"gmail-p3\">Sizleri de davet ediyoruz\u2026<\/p>\t\t\t\t\t\t<\/div>\n\t\t\t\t<\/div>\n\t\t\t\t<div class=\"elementor-element elementor-element-84c85c1 elementor-widget elementor-widget-image\" data-id=\"84c85c1\" data-element_type=\"widget\" data-widget_type=\"image.default\">\n\t\t\t\t<div class=\"elementor-widget-container\">\n\t\t\t<style>\/*! elementor - v3.19.0 - 07-02-2024 *\/\n.elementor-widget-image{text-align:center}.elementor-widget-image a{display:inline-block}.elementor-widget-image a img[src$=\".svg\"]{width:48px}.elementor-widget-image img{vertical-align:middle;display:inline-block}<\/style>\t\t\t\t\t\t\t\t\t\t<img decoding=\"async\" width=\"328\" height=\"128\" src=\"https:\/\/pilatesco.com.tr\/wp-content\/uploads\/2023\/05\/pilatescoimza.png\" class=\"attachment-large size-large wp-image-1976\" alt=\"\" srcset=\"https:\/\/pilatesco.com.tr\/wp-content\/uploads\/2023\/05\/pilatescoimza.png 328w, https:\/\/pilatesco.com.tr\/wp-content\/uploads\/2023\/05\/pilatescoimza-300x117.png 300w\" sizes=\"(max-width: 328px) 100vw, 328px\" \/>\t\t\t\t\t\t\t\t\t\t\t\t\t<\/div>\n\t\t\t\t<\/div>\n\t\t\t\t\t<\/div>\n\t\t<\/div>\n\t\t\t\t<div class=\"elementor-column elementor-col-50 elementor-inner-column elementor-element elementor-element-38f8a8b\" data-id=\"38f8a8b\" data-element_type=\"column\">\n\t\t\t<div class=\"elementor-widget-wrap elementor-element-populated\">\n\t\t\t\t\t\t<div class=\"elementor-element elementor-element-2dfa2b8 elementor-widget elementor-widget-image\" data-id=\"2dfa2b8\" data-element_type=\"widget\" data-widget_type=\"image.default\">\n\t\t\t\t<div class=\"elementor-widget-container\">\n\t\t\t\t\t\t\t\t\t\t\t\t\t<img decoding=\"async\" src=\"https:\/\/pilatesco.com.tr\/wp-content\/uploads\/2023\/05\/group-pilates-instructors-exercising-reformers-2-scaled.jpg\" title=\"\" alt=\"\" loading=\"lazy\" \/>\t\t\t\t\t\t\t\t\t\t\t\t\t<\/div>\n\t\t\t\t<\/div>\n\t\t\t\t<div class=\"elementor-element elementor-element-eac2e29 elementor-widget elementor-widget-image\" data-id=\"eac2e29\" data-element_type=\"widget\" data-widget_type=\"image.default\">\n\t\t\t\t<div class=\"elementor-widget-container\">\n\t\t\t\t\t\t\t\t\t\t\t\t\t<img decoding=\"async\" src=\"https:\/\/pilatesco.com.tr\/wp-content\/uploads\/2023\/05\/woman-training-pilates-reformer-scaled.jpg\" title=\"\" alt=\"\" loading=\"lazy\" \/>\t\t\t\t\t\t\t\t\t\t\t\t\t<\/div>\n\t\t\t\t<\/div>\n\t\t\t\t<div class=\"elementor-element elementor-element-a9c7cf0 elementor-widget elementor-widget-image\" data-id=\"a9c7cf0\" data-element_type=\"widget\" data-widget_type=\"image.default\">\n\t\t\t\t<div class=\"elementor-widget-container\">\n\t\t\t\t\t\t\t\t\t\t\t\t\t<img decoding=\"async\" src=\"https:\/\/pilatesco.com.tr\/wp-content\/uploads\/2023\/05\/two-young-fit-women-training-gym-scaled.jpg\" title=\"\" alt=\"\" loading=\"lazy\" \/>\t\t\t\t\t\t\t\t\t\t\t\t\t<\/div>\n\t\t\t\t<\/div>\n\t\t\t\t<div class=\"elementor-element elementor-element-32f01b5 elementor-widget elementor-widget-image\" data-id=\"32f01b5\" data-element_type=\"widget\" data-widget_type=\"image.default\">\n\t\t\t\t<div class=\"elementor-widget-container\">\n\t\t\t\t\t\t\t\t\t\t\t\t\t<img decoding=\"async\" src=\"https:\/\/pilatesco.com.tr\/wp-content\/uploads\/2023\/05\/young-fit-woman-training-gym-woman-wearing-black-sportwear-caucasian-girl-stretching-with-equipment-scaled.jpg\" title=\"\" alt=\"\" loading=\"lazy\" \/>\t\t\t\t\t\t\t\t\t\t\t\t\t<\/div>\n\t\t\t\t<\/div>\n\t\t\t\t\t<\/div>\n\t\t<\/div>\n\t\t\t\t\t<\/div>\n\t\t<\/section>\n\t\t\t\t\t<\/div>\n\t\t<\/div>\n\t\t\t\t\t<\/div>\n\t\t<\/section>\n\t\t\t\t<\/div>\n\t\t","protected":false},"excerpt":{"rendered":"<p>YA\u015eAM TARZI OLARAK P\u0130LATES ! S\u0131k\u0131la\u015fmak , G\u00fc\u00e7lenmek , Esneklik kazanmak , Mental dinginlik , Sosyallik , Mekanlar ,Spor dallar\u0131 , Zevklerin \u00f6tesinde insanl\u0131\u011f\u0131n temelini olu\u015fturan \u00e7ok daha temel bir olgu:\u0130yi ya\u015fam. Kurumumuz kadrosunu hen\u00fcz \u00e7ekirdek aile ile olu\u015fturmu\u015f , siz k\u0131ymetli \u00fcyelerimizle b\u00fcy\u00fcmeyi hedeflemektedir. Kurumsal ve kaliteli yap\u0131m\u0131zdan , [&hellip;]<\/p>\n","protected":false},"author":1,"featured_media":0,"parent":0,"menu_order":0,"comment_status":"closed","ping_status":"closed","template":"elementor_header_footer","meta":{"footnotes":""},"class_list":["post-1966","page","type-page","status-publish","hentry"],"_links":{"self":[{"href":"https:\/\/pilatesco.com.tr\/index.php?rest_route=\/wp\/v2\/pages\/1966","targetHints":{"allow":["GET"]}}],"collection":[{"href":"https:\/\/pilatesco.com.tr\/index.php?rest_route=\/wp\/v2\/pages"}],"about":[{"href":"https:\/\/pilatesco.com.tr\/index.php?rest_route=\/wp\/v2\/types\/page"}],"author":[{"embeddable":true,"href":"https:\/\/pilatesco.com.tr\/index.php?rest_route=\/wp\/v2\/users\/1"}],"replies":[{"embeddable":true,"href":"https:\/\/pilatesco.com.tr\/index.php?rest_route=%2Fwp%2Fv2%2Fcomments&post=1966"}],"version-history":[{"count":4,"href":"https:\/\/pilatesco.com.tr\/index.php?rest_route=\/wp\/v2\/pages\/1966\/revisions"}],"predecessor-version":[{"id":1980,"href":"https:\/\/pilatesco.com.tr\/index.php?rest_route=\/wp\/v2\/pages\/1966\/revisions\/1980"}],"wp:attachment":[{"href":"https:\/\/pilatesco.com.tr\/index.php?rest_route=%2Fwp%2Fv2%2Fmedia&parent=1966"}],"curies":[{"name":"wp","href":"https:\/\/api.w.org\/{rel}","templated":true}]}}